{"id":3800,"date":"2025-11-15T18:26:22","date_gmt":"2025-11-15T18:26:22","guid":{"rendered":"https:\/\/hammamalalba.com\/al-alba-restaurant\/"},"modified":"2026-01-11T02:14:25","modified_gmt":"2026-01-11T02:14:25","slug":"al-alba-restaurant","status":"publish","type":"page","link":"https:\/\/hammamalalba.com\/fr\/al-alba-restaurant\/","title":{"rendered":"Al Alba Restaurant"},"content":{"rendered":"\n<div style=\"height:55px\" aria-hidden=\"true\" class=\"wp-block-spacer\"><\/div>\n\n<h2 class=\"wp-block-heading has-text-align-center\">Al Alba Restaurant Asilah <\/h2>\n\n<p class=\"has-text-align-center\">D\u00e9couvrez le restaurant Al Alba \u00e0 Asilah. Le point d&rsquo;orgue id\u00e9al de votre rituel du hammam.  <br\/>Une cuisine traditionnelle authentique, des ingr\u00e9dients frais et une atmosph\u00e8re de paix absolue.<br\/><br\/><strong>R\u00e9servez une table et b\u00e9n\u00e9ficiez de 20 % de r\u00e9duction. Offre exclusive r\u00e9serv\u00e9e aux clients du Hammam Al Alba <\/strong>.<\/p>\n\n<div style=\"height:19px\" aria-hidden=\"true\" class=\"wp-block-spacer\"><\/div>\n\n<div class=\"wp-block-buttons is-content-justification-center is-layout-flex wp-container-core-buttons-is-layout-a89b3969 wp-block-buttons-is-layout-flex\">\n<div class=\"wp-block-button\"><a class=\"wp-block-button__link has-background has-text-align-center wp-element-button\" href=\"https:\/\/hotelalalba.com\/fr\/restaurant\/\" style=\"background-color:#28d3d9\" target=\"_blank\" rel=\"noreferrer noopener\">D\u00c9COUVREZ LE RESTAURANT AL ALBA<\/a><\/div>\n<\/div>\n\n<div style=\"height:19px\" aria-hidden=\"true\" class=\"wp-block-spacer\"><\/div>\n\n<div class=\"wp-block-columns is-layout-flex wp-container-core-columns-is-layout-28f84493 wp-block-columns-is-layout-flex\">\n<div class=\"wp-block-column is-layout-flow wp-block-column-is-layout-flow\">\n<figure class=\"wp-block-image size-large\"><img loading=\"lazy\" decoding=\"async\" width=\"1024\" height=\"687\" src=\"https:\/\/hammamalalba.com\/wp-content\/uploads\/2026\/01\/4-al-alba-restaurante-1-1024x687.png\" alt=\"\" class=\"wp-image-3960\" srcset=\"https:\/\/hammamalalba.com\/wp-content\/uploads\/2026\/01\/4-al-alba-restaurante-1-1024x687.png 1024w, https:\/\/hammamalalba.com\/wp-content\/uploads\/2026\/01\/4-al-alba-restaurante-1-300x201.png 300w, https:\/\/hammamalalba.com\/wp-content\/uploads\/2026\/01\/4-al-alba-restaurante-1-768x515.png 768w, https:\/\/hammamalalba.com\/wp-content\/uploads\/2026\/01\/4-al-alba-restaurante-1-1536x1030.png 1536w, https:\/\/hammamalalba.com\/wp-content\/uploads\/2026\/01\/4-al-alba-restaurante-1-2048x1374.png 2048w\" sizes=\"auto, (max-width: 1024px) 100vw, 1024px\" \/><\/figure>\n\n\n\n<figure class=\"wp-block-image size-large\"><img loading=\"lazy\" decoding=\"async\" width=\"1024\" height=\"684\" src=\"https:\/\/hammamalalba.com\/wp-content\/uploads\/2026\/01\/DSC03042-1024x684.jpg\" alt=\"\" class=\"wp-image-3961\" srcset=\"https:\/\/hammamalalba.com\/wp-content\/uploads\/2026\/01\/DSC03042-1024x684.jpg 1024w, https:\/\/hammamalalba.com\/wp-content\/uploads\/2026\/01\/DSC03042-300x200.jpg 300w, https:\/\/hammamalalba.com\/wp-content\/uploads\/2026\/01\/DSC03042-768x513.jpg 768w, https:\/\/hammamalalba.com\/wp-content\/uploads\/2026\/01\/DSC03042-1536x1027.jpg 1536w, https:\/\/hammamalalba.com\/wp-content\/uploads\/2026\/01\/DSC03042.jpg 1616w\" sizes=\"auto, (max-width: 1024px) 100vw, 1024px\" \/><\/figure>\n\n\n\n<figure class=\"wp-block-image size-large\"><img loading=\"lazy\" decoding=\"async\" width=\"1024\" height=\"684\" src=\"https:\/\/hammamalalba.com\/wp-content\/uploads\/2026\/01\/DSC02916-1024x684.jpg\" alt=\"\" class=\"wp-image-3963\" srcset=\"https:\/\/hammamalalba.com\/wp-content\/uploads\/2026\/01\/DSC02916-1024x684.jpg 1024w, https:\/\/hammamalalba.com\/wp-content\/uploads\/2026\/01\/DSC02916-300x200.jpg 300w, https:\/\/hammamalalba.com\/wp-content\/uploads\/2026\/01\/DSC02916-768x513.jpg 768w, https:\/\/hammamalalba.com\/wp-content\/uploads\/2026\/01\/DSC02916.jpg 1402w\" sizes=\"auto, (max-width: 1024px) 100vw, 1024px\" \/><\/figure>\n\n\n\n<figure class=\"wp-block-image size-large\"><img loading=\"lazy\" decoding=\"async\" width=\"1024\" height=\"684\" src=\"https:\/\/hammamalalba.com\/wp-content\/uploads\/2026\/01\/DSC02968-1024x684.jpg\" alt=\"\" class=\"wp-image-3966\" srcset=\"https:\/\/hammamalalba.com\/wp-content\/uploads\/2026\/01\/DSC02968-1024x684.jpg 1024w, https:\/\/hammamalalba.com\/wp-content\/uploads\/2026\/01\/DSC02968-300x200.jpg 300w, https:\/\/hammamalalba.com\/wp-content\/uploads\/2026\/01\/DSC02968-768x513.jpg 768w, https:\/\/hammamalalba.com\/wp-content\/uploads\/2026\/01\/DSC02968-1536x1026.jpg 1536w, https:\/\/hammamalalba.com\/wp-content\/uploads\/2026\/01\/DSC02968.jpg 1539w\" sizes=\"auto, (max-width: 1024px) 100vw, 1024px\" \/><\/figure>\n\n\n\n<figure class=\"wp-block-image size-full\"><img loading=\"lazy\" decoding=\"async\" width=\"1024\" height=\"683\" src=\"https:\/\/hammamalalba.com\/wp-content\/uploads\/2026\/01\/IMG_9184.jpg\" alt=\"\" class=\"wp-image-3968\" srcset=\"https:\/\/hammamalalba.com\/wp-content\/uploads\/2026\/01\/IMG_9184.jpg 1024w, https:\/\/hammamalalba.com\/wp-content\/uploads\/2026\/01\/IMG_9184-300x200.jpg 300w, https:\/\/hammamalalba.com\/wp-content\/uploads\/2026\/01\/IMG_9184-768x512.jpg 768w\" sizes=\"auto, (max-width: 1024px) 100vw, 1024px\" \/><\/figure>\n<\/div>\n\n\n\n<div class=\"wp-block-column is-layout-flow wp-block-column-is-layout-flow\">\n<figure class=\"wp-block-image size-large\"><img loading=\"lazy\" decoding=\"async\" width=\"1024\" height=\"687\" src=\"https:\/\/hammamalalba.com\/wp-content\/uploads\/2026\/01\/al-alba-hotel-5-1024x687.png\" alt=\"\" class=\"wp-image-3959\" srcset=\"https:\/\/hammamalalba.com\/wp-content\/uploads\/2026\/01\/al-alba-hotel-5-1024x687.png 1024w, https:\/\/hammamalalba.com\/wp-content\/uploads\/2026\/01\/al-alba-hotel-5-300x201.png 300w, https:\/\/hammamalalba.com\/wp-content\/uploads\/2026\/01\/al-alba-hotel-5-768x515.png 768w, https:\/\/hammamalalba.com\/wp-content\/uploads\/2026\/01\/al-alba-hotel-5-1536x1030.png 1536w, https:\/\/hammamalalba.com\/wp-content\/uploads\/2026\/01\/al-alba-hotel-5-2048x1374.png 2048w\" sizes=\"auto, (max-width: 1024px) 100vw, 1024px\" \/><\/figure>\n\n\n\n<figure class=\"wp-block-image size-large\"><img loading=\"lazy\" decoding=\"async\" width=\"1024\" height=\"684\" src=\"https:\/\/hammamalalba.com\/wp-content\/uploads\/2026\/01\/DSC02956-1024x684.jpg\" alt=\"\" class=\"wp-image-3962\" srcset=\"https:\/\/hammamalalba.com\/wp-content\/uploads\/2026\/01\/DSC02956-1024x684.jpg 1024w, https:\/\/hammamalalba.com\/wp-content\/uploads\/2026\/01\/DSC02956-300x201.jpg 300w, https:\/\/hammamalalba.com\/wp-content\/uploads\/2026\/01\/DSC02956-768x513.jpg 768w, https:\/\/hammamalalba.com\/wp-content\/uploads\/2026\/01\/DSC02956.jpg 1505w\" sizes=\"auto, (max-width: 1024px) 100vw, 1024px\" \/><\/figure>\n\n\n\n<figure class=\"wp-block-image size-full\"><img loading=\"lazy\" decoding=\"async\" width=\"1556\" height=\"1040\" src=\"https:\/\/hammamalalba.com\/wp-content\/uploads\/2026\/01\/DSC02918.jpg\" alt=\"\" class=\"wp-image-3965\" srcset=\"https:\/\/hammamalalba.com\/wp-content\/uploads\/2026\/01\/DSC02918.jpg 1556w, https:\/\/hammamalalba.com\/wp-content\/uploads\/2026\/01\/DSC02918-300x201.jpg 300w, https:\/\/hammamalalba.com\/wp-content\/uploads\/2026\/01\/DSC02918-1024x684.jpg 1024w, https:\/\/hammamalalba.com\/wp-content\/uploads\/2026\/01\/DSC02918-768x513.jpg 768w, https:\/\/hammamalalba.com\/wp-content\/uploads\/2026\/01\/DSC02918-1536x1027.jpg 1536w\" sizes=\"auto, (max-width: 1556px) 100vw, 1556px\" \/><\/figure>\n\n\n\n<figure class=\"wp-block-image size-full\"><img loading=\"lazy\" decoding=\"async\" width=\"1467\" height=\"980\" src=\"https:\/\/hammamalalba.com\/wp-content\/uploads\/2026\/01\/DSC02960.jpg\" alt=\"\" class=\"wp-image-3967\" srcset=\"https:\/\/hammamalalba.com\/wp-content\/uploads\/2026\/01\/DSC02960.jpg 1467w, https:\/\/hammamalalba.com\/wp-content\/uploads\/2026\/01\/DSC02960-300x200.jpg 300w, https:\/\/hammamalalba.com\/wp-content\/uploads\/2026\/01\/DSC02960-1024x684.jpg 1024w, https:\/\/hammamalalba.com\/wp-content\/uploads\/2026\/01\/DSC02960-768x513.jpg 768w\" sizes=\"auto, (max-width: 1467px) 100vw, 1467px\" \/><\/figure>\n\n\n\n<figure class=\"wp-block-image size-full\"><img loading=\"lazy\" decoding=\"async\" width=\"1024\" height=\"683\" src=\"https:\/\/hammamalalba.com\/wp-content\/uploads\/2026\/01\/IMG_0123.jpg\" alt=\"\" class=\"wp-image-3964\" srcset=\"https:\/\/hammamalalba.com\/wp-content\/uploads\/2026\/01\/IMG_0123.jpg 1024w, https:\/\/hammamalalba.com\/wp-content\/uploads\/2026\/01\/IMG_0123-300x200.jpg 300w, https:\/\/hammamalalba.com\/wp-content\/uploads\/2026\/01\/IMG_0123-768x512.jpg 768w\" sizes=\"auto, (max-width: 1024px) 100vw, 1024px\" \/><\/figure>\n<\/div>\n<\/div>\n\n<div style=\"height:54px\" aria-hidden=\"true\" class=\"wp-block-spacer\"><\/div>\n\n<div class=\"wp-block-buttons is-content-justification-center is-layout-flex wp-container-core-buttons-is-layout-a89b3969 wp-block-buttons-is-layout-flex\">\n<div class=\"wp-block-button\"><a class=\"wp-block-button__link has-background has-text-align-center wp-element-button\" href=\"https:\/\/hotelalalba.com\/fr\/restaurant\/\" style=\"background-color:#28d3d9\" target=\"_blank\" rel=\"noreferrer noopener\">D\u00c9COUVREZ LE RESTAURANT AL ALBA<\/a><\/div>\n<\/div>\n\n<div class=\"wp-block-group alignfull has-global-padding is-layout-constrained wp-container-core-group-is-layout-d89aad35 wp-block-group-is-layout-constrained\" style=\"margin-top:0;margin-bottom:0;padding-top:var(--wp--preset--spacing--50);padding-right:var(--wp--preset--spacing--50);padding-bottom:var(--wp--preset--spacing--50);padding-left:var(--wp--preset--spacing--50)\">\n<div class=\"wp-block-columns alignwide are-vertically-aligned-center is-layout-flex wp-container-core-columns-is-layout-47c06fe3 wp-block-columns-is-layout-flex\">\n<div class=\"wp-block-column is-vertically-aligned-center is-layout-flow wp-block-column-is-layout-flow\" style=\"flex-basis:50%\">\n<h2 class=\"wp-block-heading\">D\u00e9couvrez Asilah avec l\u2019H\u00f4tel Al Alba<\/h2>\n\n\n\n<ul style=\"line-height:1.75\" class=\"wp-block-list is-style-checkmark-list\">\n<li>Que voir dans la m\u00e9dina.<\/li>\n\n\n\n<li>Meilleure exp\u00e9rience gastronomique.<\/li>\n\n\n\n<li>IInformations et conseils utiles.<\/li>\n<\/ul>\n\n\n\n<div class=\"wp-block-buttons is-layout-flex wp-block-buttons-is-layout-flex\">\n<div class=\"wp-block-button is-style-outline is-style-outline--1\"><a class=\"wp-block-button__link wp-element-button\" href=\"https:\/\/hotelalalba.com\/fr\/asilah-guide\/\" target=\"_blank\" rel=\"noreferrer noopener\">Voir le guide d&rsquo;Asilah de l&rsquo;h\u00f4tel Al Alba<\/a><\/div>\n<\/div>\n<\/div>\n\n\n\n<div class=\"wp-block-column is-vertically-aligned-center is-layout-flow wp-block-column-is-layout-flow\" style=\"flex-basis:50%\">\n<figure class=\"wp-block-image size-full is-style-rounded is-style-rounded--2\"><img loading=\"lazy\" decoding=\"async\" width=\"1919\" height=\"1281\" src=\"https:\/\/hammamalalba.com\/wp-content\/uploads\/2025\/11\/asilah.jpg\" alt=\"\" class=\"wp-image-3832\" style=\"aspect-ratio:4\/3;object-fit:cover\" srcset=\"https:\/\/hammamalalba.com\/wp-content\/uploads\/2025\/11\/asilah.jpg 1919w, https:\/\/hammamalalba.com\/wp-content\/uploads\/2025\/11\/asilah-300x200.jpg 300w, https:\/\/hammamalalba.com\/wp-content\/uploads\/2025\/11\/asilah-1024x684.jpg 1024w, https:\/\/hammamalalba.com\/wp-content\/uploads\/2025\/11\/asilah-768x513.jpg 768w, https:\/\/hammamalalba.com\/wp-content\/uploads\/2025\/11\/asilah-1536x1025.jpg 1536w\" sizes=\"auto, (max-width: 1919px) 100vw, 1919px\" \/><\/figure>\n<\/div>\n<\/div>\n<\/div>\n","protected":false},"excerpt":{"rendered":"<p>Al Alba Restaurant Asilah D\u00e9couvrez le restaurant Al Alba \u00e0 Asilah. Le point d&rsquo;orgue id\u00e9al de votre rituel du hammam. Une cuisine traditionnelle authentique, des ingr\u00e9dients frais et une atmosph\u00e8re de paix absolue. R\u00e9servez une table et b\u00e9n\u00e9ficiez de 20 % de r\u00e9duction. Offre exclusive r\u00e9serv\u00e9e aux clients du Hammam Al Alba . D\u00e9couvrez Asilah [&hellip;]<\/p>\n","protected":false},"author":1,"featured_media":0,"parent":0,"menu_order":0,"comment_status":"closed","ping_status":"closed","template":"page-no-title","meta":{"footnotes":""},"class_list":["post-3800","page","type-page","status-publish","hentry"],"yoast_head":"<!-- This site is optimized with the Yoast SEO plugin v27.4 - https:\/\/yoast.com\/product\/yoast-seo-wordpress\/ -->\n<title>Al Alba Restaurant - HAMMAM AL ALBA<\/title>\n<meta name=\"robots\" content=\"index, follow, max-snippet:-1, max-image-preview:large, max-video-preview:-1\" \/>\n<link rel=\"canonical\" href=\"https:\/\/hammamalalba.com\/fr\/al-alba-restaurant\/\" \/>\n<meta property=\"og:locale\" content=\"fr_FR\" \/>\n<meta property=\"og:type\" content=\"article\" \/>\n<meta property=\"og:title\" content=\"Al Alba Restaurant - HAMMAM AL ALBA\" \/>\n<meta property=\"og:description\" content=\"Al Alba Restaurant Asilah D\u00e9couvrez le restaurant Al Alba \u00e0 Asilah. Le point d&rsquo;orgue id\u00e9al de votre rituel du hammam. Une cuisine traditionnelle authentique, des ingr\u00e9dients frais et une atmosph\u00e8re de paix absolue. R\u00e9servez une table et b\u00e9n\u00e9ficiez de 20 % de r\u00e9duction. Offre exclusive r\u00e9serv\u00e9e aux clients du Hammam Al Alba . D\u00e9couvrez Asilah [&hellip;]\" \/>\n<meta property=\"og:url\" content=\"https:\/\/hammamalalba.com\/fr\/al-alba-restaurant\/\" \/>\n<meta property=\"og:site_name\" content=\"HAMMAM AL ALBA\" \/>\n<meta property=\"article:modified_time\" content=\"2026-01-11T02:14:25+00:00\" \/>\n<meta property=\"og:image\" content=\"https:\/\/hammamalalba.com\/wp-content\/uploads\/2026\/01\/4-al-alba-restaurante-1-1024x687.png\" \/>\n\t<meta property=\"og:image:width\" content=\"1024\" \/>\n\t<meta property=\"og:image:height\" content=\"687\" \/>\n\t<meta property=\"og:image:type\" content=\"image\/png\" \/>\n<meta name=\"twitter:card\" content=\"summary_large_image\" \/>\n<meta name=\"twitter:label1\" content=\"Dur\u00e9e de lecture estim\u00e9e\" \/>\n\t<meta name=\"twitter:data1\" content=\"1 minute\" \/>\n<script type=\"application\/ld+json\" class=\"yoast-schema-graph\">{\"@context\":\"https:\\\/\\\/schema.org\",\"@graph\":[{\"@type\":\"WebPage\",\"@id\":\"https:\\\/\\\/hammamalalba.com\\\/fr\\\/al-alba-restaurant\\\/\",\"url\":\"https:\\\/\\\/hammamalalba.com\\\/fr\\\/al-alba-restaurant\\\/\",\"name\":\"Al Alba Restaurant - HAMMAM AL ALBA\",\"isPartOf\":{\"@id\":\"https:\\\/\\\/hammamalalba.com\\\/fr\\\/#website\"},\"primaryImageOfPage\":{\"@id\":\"https:\\\/\\\/hammamalalba.com\\\/fr\\\/al-alba-restaurant\\\/#primaryimage\"},\"image\":{\"@id\":\"https:\\\/\\\/hammamalalba.com\\\/fr\\\/al-alba-restaurant\\\/#primaryimage\"},\"thumbnailUrl\":\"https:\\\/\\\/hammamalalba.com\\\/wp-content\\\/uploads\\\/2026\\\/01\\\/4-al-alba-restaurante-1-1024x687.png\",\"datePublished\":\"2025-11-15T18:26:22+00:00\",\"dateModified\":\"2026-01-11T02:14:25+00:00\",\"breadcrumb\":{\"@id\":\"https:\\\/\\\/hammamalalba.com\\\/fr\\\/al-alba-restaurant\\\/#breadcrumb\"},\"inLanguage\":\"fr-FR\",\"potentialAction\":[{\"@type\":\"ReadAction\",\"target\":[\"https:\\\/\\\/hammamalalba.com\\\/fr\\\/al-alba-restaurant\\\/\"]}]},{\"@type\":\"ImageObject\",\"inLanguage\":\"fr-FR\",\"@id\":\"https:\\\/\\\/hammamalalba.com\\\/fr\\\/al-alba-restaurant\\\/#primaryimage\",\"url\":\"https:\\\/\\\/hammamalalba.com\\\/wp-content\\\/uploads\\\/2026\\\/01\\\/4-al-alba-restaurante-1-1024x687.png\",\"contentUrl\":\"https:\\\/\\\/hammamalalba.com\\\/wp-content\\\/uploads\\\/2026\\\/01\\\/4-al-alba-restaurante-1-1024x687.png\"},{\"@type\":\"BreadcrumbList\",\"@id\":\"https:\\\/\\\/hammamalalba.com\\\/fr\\\/al-alba-restaurant\\\/#breadcrumb\",\"itemListElement\":[{\"@type\":\"ListItem\",\"position\":1,\"name\":\"Portada\",\"item\":\"https:\\\/\\\/hammamalalba.com\\\/fr\\\/\"},{\"@type\":\"ListItem\",\"position\":2,\"name\":\"Al Alba Restaurant\"}]},{\"@type\":\"WebSite\",\"@id\":\"https:\\\/\\\/hammamalalba.com\\\/fr\\\/#website\",\"url\":\"https:\\\/\\\/hammamalalba.com\\\/fr\\\/\",\"name\":\"HAMMAM AL ALBA - Assilah & Tetouan\",\"description\":\"Hammam Asilah &amp; Tetouan\",\"publisher\":{\"@id\":\"https:\\\/\\\/hammamalalba.com\\\/fr\\\/#organization\"},\"alternateName\":\"HAMMAM AL ALBA\",\"potentialAction\":[{\"@type\":\"SearchAction\",\"target\":{\"@type\":\"EntryPoint\",\"urlTemplate\":\"https:\\\/\\\/hammamalalba.com\\\/fr\\\/?s={search_term_string}\"},\"query-input\":{\"@type\":\"PropertyValueSpecification\",\"valueRequired\":true,\"valueName\":\"search_term_string\"}}],\"inLanguage\":\"fr-FR\"},{\"@type\":\"Organization\",\"@id\":\"https:\\\/\\\/hammamalalba.com\\\/fr\\\/#organization\",\"name\":\"HAMMAM AL ALBA - Assilah & Tetouan\",\"url\":\"https:\\\/\\\/hammamalalba.com\\\/fr\\\/\",\"logo\":{\"@type\":\"ImageObject\",\"inLanguage\":\"fr-FR\",\"@id\":\"https:\\\/\\\/hammamalalba.com\\\/fr\\\/#\\\/schema\\\/logo\\\/image\\\/\",\"url\":\"https:\\\/\\\/hammamalalba.com\\\/wp-content\\\/uploads\\\/2024\\\/05\\\/Logo-Hammam-al-alba-1.png\",\"contentUrl\":\"https:\\\/\\\/hammamalalba.com\\\/wp-content\\\/uploads\\\/2024\\\/05\\\/Logo-Hammam-al-alba-1.png\",\"width\":243,\"height\":275,\"caption\":\"HAMMAM AL ALBA - Assilah & Tetouan\"},\"image\":{\"@id\":\"https:\\\/\\\/hammamalalba.com\\\/fr\\\/#\\\/schema\\\/logo\\\/image\\\/\"}}]}<\/script>\n<!-- \/ Yoast SEO plugin. -->","yoast_head_json":{"title":"Al Alba Restaurant - HAMMAM AL ALBA","robots":{"index":"index","follow":"follow","max-snippet":"max-snippet:-1","max-image-preview":"max-image-preview:large","max-video-preview":"max-video-preview:-1"},"canonical":"https:\/\/hammamalalba.com\/fr\/al-alba-restaurant\/","og_locale":"fr_FR","og_type":"article","og_title":"Al Alba Restaurant - HAMMAM AL ALBA","og_description":"Al Alba Restaurant Asilah D\u00e9couvrez le restaurant Al Alba \u00e0 Asilah. Le point d&rsquo;orgue id\u00e9al de votre rituel du hammam. Une cuisine traditionnelle authentique, des ingr\u00e9dients frais et une atmosph\u00e8re de paix absolue. R\u00e9servez une table et b\u00e9n\u00e9ficiez de 20 % de r\u00e9duction. Offre exclusive r\u00e9serv\u00e9e aux clients du Hammam Al Alba . D\u00e9couvrez Asilah [&hellip;]","og_url":"https:\/\/hammamalalba.com\/fr\/al-alba-restaurant\/","og_site_name":"HAMMAM AL ALBA","article_modified_time":"2026-01-11T02:14:25+00:00","og_image":[{"width":1024,"height":687,"url":"https:\/\/hammamalalba.com\/wp-content\/uploads\/2026\/01\/4-al-alba-restaurante-1-1024x687.png","type":"image\/png"}],"twitter_card":"summary_large_image","twitter_misc":{"Dur\u00e9e de lecture estim\u00e9e":"1 minute"},"schema":{"@context":"https:\/\/schema.org","@graph":[{"@type":"WebPage","@id":"https:\/\/hammamalalba.com\/fr\/al-alba-restaurant\/","url":"https:\/\/hammamalalba.com\/fr\/al-alba-restaurant\/","name":"Al Alba Restaurant - HAMMAM AL ALBA","isPartOf":{"@id":"https:\/\/hammamalalba.com\/fr\/#website"},"primaryImageOfPage":{"@id":"https:\/\/hammamalalba.com\/fr\/al-alba-restaurant\/#primaryimage"},"image":{"@id":"https:\/\/hammamalalba.com\/fr\/al-alba-restaurant\/#primaryimage"},"thumbnailUrl":"https:\/\/hammamalalba.com\/wp-content\/uploads\/2026\/01\/4-al-alba-restaurante-1-1024x687.png","datePublished":"2025-11-15T18:26:22+00:00","dateModified":"2026-01-11T02:14:25+00:00","breadcrumb":{"@id":"https:\/\/hammamalalba.com\/fr\/al-alba-restaurant\/#breadcrumb"},"inLanguage":"fr-FR","potentialAction":[{"@type":"ReadAction","target":["https:\/\/hammamalalba.com\/fr\/al-alba-restaurant\/"]}]},{"@type":"ImageObject","inLanguage":"fr-FR","@id":"https:\/\/hammamalalba.com\/fr\/al-alba-restaurant\/#primaryimage","url":"https:\/\/hammamalalba.com\/wp-content\/uploads\/2026\/01\/4-al-alba-restaurante-1-1024x687.png","contentUrl":"https:\/\/hammamalalba.com\/wp-content\/uploads\/2026\/01\/4-al-alba-restaurante-1-1024x687.png"},{"@type":"BreadcrumbList","@id":"https:\/\/hammamalalba.com\/fr\/al-alba-restaurant\/#breadcrumb","itemListElement":[{"@type":"ListItem","position":1,"name":"Portada","item":"https:\/\/hammamalalba.com\/fr\/"},{"@type":"ListItem","position":2,"name":"Al Alba Restaurant"}]},{"@type":"WebSite","@id":"https:\/\/hammamalalba.com\/fr\/#website","url":"https:\/\/hammamalalba.com\/fr\/","name":"HAMMAM AL ALBA - Assilah & Tetouan","description":"Hammam Asilah &amp; Tetouan","publisher":{"@id":"https:\/\/hammamalalba.com\/fr\/#organization"},"alternateName":"HAMMAM AL ALBA","potentialAction":[{"@type":"SearchAction","target":{"@type":"EntryPoint","urlTemplate":"https:\/\/hammamalalba.com\/fr\/?s={search_term_string}"},"query-input":{"@type":"PropertyValueSpecification","valueRequired":true,"valueName":"search_term_string"}}],"inLanguage":"fr-FR"},{"@type":"Organization","@id":"https:\/\/hammamalalba.com\/fr\/#organization","name":"HAMMAM AL ALBA - Assilah & Tetouan","url":"https:\/\/hammamalalba.com\/fr\/","logo":{"@type":"ImageObject","inLanguage":"fr-FR","@id":"https:\/\/hammamalalba.com\/fr\/#\/schema\/logo\/image\/","url":"https:\/\/hammamalalba.com\/wp-content\/uploads\/2024\/05\/Logo-Hammam-al-alba-1.png","contentUrl":"https:\/\/hammamalalba.com\/wp-content\/uploads\/2024\/05\/Logo-Hammam-al-alba-1.png","width":243,"height":275,"caption":"HAMMAM AL ALBA - Assilah & Tetouan"},"image":{"@id":"https:\/\/hammamalalba.com\/fr\/#\/schema\/logo\/image\/"}}]}},"_links":{"self":[{"href":"https:\/\/hammamalalba.com\/fr\/wp-json\/wp\/v2\/pages\/3800","targetHints":{"allow":["GET"]}}],"collection":[{"href":"https:\/\/hammamalalba.com\/fr\/wp-json\/wp\/v2\/pages"}],"about":[{"href":"https:\/\/hammamalalba.com\/fr\/wp-json\/wp\/v2\/types\/page"}],"author":[{"embeddable":true,"href":"https:\/\/hammamalalba.com\/fr\/wp-json\/wp\/v2\/users\/1"}],"replies":[{"embeddable":true,"href":"https:\/\/hammamalalba.com\/fr\/wp-json\/wp\/v2\/comments?post=3800"}],"version-history":[{"count":13,"href":"https:\/\/hammamalalba.com\/fr\/wp-json\/wp\/v2\/pages\/3800\/revisions"}],"predecessor-version":[{"id":4126,"href":"https:\/\/hammamalalba.com\/fr\/wp-json\/wp\/v2\/pages\/3800\/revisions\/4126"}],"wp:attachment":[{"href":"https:\/\/hammamalalba.com\/fr\/wp-json\/wp\/v2\/media?parent=3800"}],"curies":[{"name":"wp","href":"https:\/\/api.w.org\/{rel}","templated":true}]}}