{"id":3674,"date":"2025-09-17T11:36:31","date_gmt":"2025-09-17T11:36:31","guid":{"rendered":"https:\/\/hammamalalba.com\/homepage\/"},"modified":"2025-09-17T13:05:24","modified_gmt":"2025-09-17T13:05:24","slug":"homepage","status":"publish","type":"page","link":"https:\/\/hammamalalba.com\/fr\/","title":{"rendered":"Homepage"},"content":{"rendered":"\n<main class=\"wp-block-group is-layout-flow wp-container-core-group-is-layout-bb62f62d wp-block-group-is-layout-flow\" style=\"margin-top:0\">\n<div class=\"wp-block-group alignfull has-global-padding is-layout-constrained wp-container-core-group-is-layout-9184a82b wp-block-group-is-layout-constrained\" style=\"margin-top:0;margin-bottom:0;padding-top:var(--wp--preset--spacing--10);padding-right:var(--wp--preset--spacing--30);padding-bottom:var(--wp--preset--spacing--10);padding-left:var(--wp--preset--spacing--30)\">\n<div class=\"wp-block-cover alignfull is-light has-parallax\" style=\"padding-top:var(--wp--preset--spacing--50);padding-right:var(--wp--preset--spacing--50);padding-bottom:var(--wp--preset--spacing--50);padding-left:var(--wp--preset--spacing--50);min-height:100vh;aspect-ratio:unset;\"><div class=\"wp-block-cover__image-background wp-image-1151 has-parallax\" style=\"background-position:50% 50%;background-image:url(https:\/\/hammamalalba.com\/wp-content\/uploads\/2024\/05\/IMG_2151.jpg)\"><\/div><span aria-hidden=\"true\" class=\"wp-block-cover__background has-base-background-color has-background-dim-0 has-background-dim\"><\/span><div class=\"wp-block-cover__inner-container has-global-padding is-layout-constrained wp-container-core-cover-is-layout-e4fd886c wp-block-cover-is-layout-constrained\">\n<p class=\"has-text-align-center has-base-color has-text-color has-link-color wp-elements-ebe82854f977f7f63d926fe823a04e42\" style=\"font-size:clamp(2.629rem, 2.629rem + ((1vw - 0.2rem) * 2.964), 5rem);\"><strong>HAMMAM AL ALBA<\/strong><\/p>\n\n\n\n<p class=\"has-text-align-center has-base-color has-text-color has-link-color has-xx-large-font-size wp-elements-78e8252f8d324d2824ba1eb785b2a9eb\">Asilah &amp; Tetouan<\/p>\n<\/div><\/div>\n\n\n\n<div style=\"height:54px\" aria-hidden=\"true\" class=\"wp-block-spacer\"><\/div>\n\n\n\n<div class=\"wp-block-columns is-layout-flex wp-container-core-columns-is-layout-1c1b29f9 wp-block-columns-is-layout-flex\">\n<div class=\"wp-block-column is-vertically-aligned-stretch is-layout-flow wp-block-column-is-layout-flow\" style=\"flex-basis:35%\">\n<p style=\"font-size:clamp(18.959px, 1.185rem + ((1vw - 3.2px) * 0.863), 30px);\"><strong>Bienvenido a Hammam Al Alba<\/strong><\/p>\n\n\n\n<p style=\"font-size:clamp(16.293px, 1.018rem + ((1vw - 3.2px) * 0.68), 25px);\"><strong>Una Experiencia Exclusiva<\/strong><\/p>\n\n\n\n<p style=\"font-size:clamp(14px, 0.875rem + ((1vw - 3.2px) * 0.078), 15px);\">Hammam Al Alba tiene dos ubicaciones diferentes, Medina de Asilah y Tetu\u00e1n. <br><br>Hemos creado un espacio \u00edntimo dedicado a tu atenci\u00f3n. Dispone de dos salas, templada (zona de masajes) y caliente (zona de ba\u00f1o), donde recreamos el proceso tradicional del hammam marroqu\u00ed.<br><br>C\u00f3modo, discreto y acogedor, el Hammam Al Alba es el lugar ideal para dejarte llevar por un sinf\u00edn de sensaciones placenteras. <br><\/p>\n<\/div>\n\n\n\n<div class=\"wp-block-column is-layout-flow wp-block-column-is-layout-flow\" style=\"flex-basis:5%\"><\/div>\n\n\n\n<div class=\"wp-block-column is-vertically-aligned-center is-layout-flow wp-block-column-is-layout-flow\" style=\"flex-basis:60%\">\n<figure class=\"wp-block-image size-large\"><img loading=\"lazy\" decoding=\"async\" width=\"1024\" height=\"768\" src=\"https:\/\/hammamalalba.com\/wp-content\/uploads\/2024\/05\/6d7ae31d-7c57-4389-b0f4-8ea9f4e8d7fc-1024x768.jpg\" alt=\"\" class=\"wp-image-1157\" srcset=\"https:\/\/hammamalalba.com\/wp-content\/uploads\/2024\/05\/6d7ae31d-7c57-4389-b0f4-8ea9f4e8d7fc-1024x768.jpg 1024w, https:\/\/hammamalalba.com\/wp-content\/uploads\/2024\/05\/6d7ae31d-7c57-4389-b0f4-8ea9f4e8d7fc-300x225.jpg 300w, https:\/\/hammamalalba.com\/wp-content\/uploads\/2024\/05\/6d7ae31d-7c57-4389-b0f4-8ea9f4e8d7fc-768x576.jpg 768w, https:\/\/hammamalalba.com\/wp-content\/uploads\/2024\/05\/6d7ae31d-7c57-4389-b0f4-8ea9f4e8d7fc-1536x1152.jpg 1536w, https:\/\/hammamalalba.com\/wp-content\/uploads\/2024\/05\/6d7ae31d-7c57-4389-b0f4-8ea9f4e8d7fc.jpg 1600w\" sizes=\"auto, (max-width: 1024px) 100vw, 1024px\" \/><\/figure>\n<\/div>\n<\/div>\n\n\n\n<div style=\"height:45px\" aria-hidden=\"true\" class=\"wp-block-spacer\"><\/div>\n\n\n\n<div class=\"wp-block-columns is-layout-flex wp-container-core-columns-is-layout-1c1b29f9 wp-block-columns-is-layout-flex\">\n<div class=\"wp-block-column is-vertically-aligned-center is-layout-flow wp-block-column-is-layout-flow\" style=\"flex-basis:60%\">\n<figure class=\"wp-block-image size-large\"><img loading=\"lazy\" decoding=\"async\" width=\"1024\" height=\"768\" src=\"https:\/\/hammamalalba.com\/wp-content\/uploads\/2024\/05\/05dea7ab-3e77-4f00-8108-6228d38bffbe-1024x768.jpg\" alt=\"\" class=\"wp-image-1156\" srcset=\"https:\/\/hammamalalba.com\/wp-content\/uploads\/2024\/05\/05dea7ab-3e77-4f00-8108-6228d38bffbe-1024x768.jpg 1024w, https:\/\/hammamalalba.com\/wp-content\/uploads\/2024\/05\/05dea7ab-3e77-4f00-8108-6228d38bffbe-300x225.jpg 300w, https:\/\/hammamalalba.com\/wp-content\/uploads\/2024\/05\/05dea7ab-3e77-4f00-8108-6228d38bffbe-768x576.jpg 768w, https:\/\/hammamalalba.com\/wp-content\/uploads\/2024\/05\/05dea7ab-3e77-4f00-8108-6228d38bffbe-1536x1152.jpg 1536w, https:\/\/hammamalalba.com\/wp-content\/uploads\/2024\/05\/05dea7ab-3e77-4f00-8108-6228d38bffbe.jpg 1600w\" sizes=\"auto, (max-width: 1024px) 100vw, 1024px\" \/><\/figure>\n<\/div>\n\n\n\n<div class=\"wp-block-column is-layout-flow wp-block-column-is-layout-flow\" style=\"flex-basis:5%\"><\/div>\n\n\n\n<div class=\"wp-block-column is-vertically-aligned-stretch is-layout-flow wp-block-column-is-layout-flow\" style=\"flex-basis:35%\">\n<p style=\"margin-right:var(--wp--preset--spacing--10);margin-left:var(--wp--preset--spacing--10);font-size:clamp(16.293px, 1.018rem + ((1vw - 3.2px) * 0.68), 25px);\"><strong>Descubre el encanto de Hammam Al Alba<\/strong>: <strong>Tu oasis de paz y tranquilidad<\/strong><\/p>\n\n\n\n<p style=\"margin-right:var(--wp--preset--spacing--10);margin-left:var(--wp--preset--spacing--10);font-size:clamp(14px, 0.875rem + ((1vw - 3.2px) * 0.078), 15px);\"><br>Nuestro equipo de profesionales ofrece los mejores servicios de masajes y tratamientos de bienestar para que pueda experimentar una verdadera relajaci\u00f3n y renovaci\u00f3n. <br><br>Reg\u00e1late una experiencia de bienestar \u00fanica en la que desconectar del estr\u00e9s diario y conectar contigo mismo. <br><br>Ven a descubrir la magia de nuestro hammam marroqu\u00ed en el coraz\u00f3n de la medina.<\/p>\n<\/div>\n<\/div>\n\n\n\n<div style=\"height:45px\" aria-hidden=\"true\" class=\"wp-block-spacer\"><\/div>\n\n\n\n<div class=\"wp-block-columns is-layout-flex wp-container-core-columns-is-layout-1c1b29f9 wp-block-columns-is-layout-flex\">\n<div class=\"wp-block-column is-vertically-aligned-stretch is-layout-flow wp-block-column-is-layout-flow\" style=\"flex-basis:35%\">\n<p style=\"font-size:clamp(14px, 0.875rem + ((1vw - 3.2px) * 0.078), 15px);\"><strong>Ba\u00f1os de agua caliente<\/strong><br>Sum\u00e9rjete en nuestros ba\u00f1os de agua caliente y vapor. Experimenta una limpieza profunda de la piel, liberaci\u00f3n de toxinas y sensaci\u00f3n de relajaci\u00f3n total.<\/p>\n\n\n\n<p style=\"font-size:clamp(14px, 0.875rem + ((1vw - 3.2px) * 0.078), 15px);\"><strong>Rituales de exfoliaci\u00f3n<\/strong><br>Nuestros rituales de exfoliaci\u00f3n con jab\u00f3n Beldi y arcillas te liberar\u00e1n de impurezas, renovar\u00e1n tu piel y estimular\u00e1n la circulaci\u00f3n sangu\u00ednea, dej\u00e1ndote una agradable sensaci\u00f3n de suavidad y frescor.<\/p>\n\n\n\n<p style=\"font-size:clamp(14px, 0.875rem + ((1vw - 3.2px) * 0.078), 15px);\"><strong>Masajes relajantes y terap\u00e9uticos<\/strong><br>Nuestros masajes te ayudar\u00e1n a aliviar el estr\u00e9s, reducir la tensi\u00f3n muscular y mejorar tu bienestar general.<\/p>\n\n\n\n<p style=\"font-size:clamp(14px, 0.875rem + ((1vw - 3.2px) * 0.078), 15px);\"><strong>Tratamientos faciales y corporales<\/strong><br>Disfruta de tratamientos faciales y corporales dise\u00f1ados para rejuvenecer tu piel, devolverle su luminosidad y realzar su belleza interior.<\/p>\n\n\n\n<div style=\"height:45px\" aria-hidden=\"true\" class=\"wp-block-spacer\"><\/div>\n<\/div>\n\n\n\n<div class=\"wp-block-column is-layout-flow wp-block-column-is-layout-flow\" style=\"flex-basis:5%\"><\/div>\n\n\n\n<div class=\"wp-block-column is-vertically-aligned-center is-layout-flow wp-block-column-is-layout-flow\" style=\"flex-basis:60%\">\n<figure class=\"wp-block-image size-large\"><img loading=\"lazy\" decoding=\"async\" width=\"1024\" height=\"768\" src=\"https:\/\/hammamalalba.com\/wp-content\/uploads\/2024\/05\/F77ACD68-6775-4619-B996-E4B7076FB0E7-1024x768.jpg\" alt=\"\" class=\"wp-image-1155\" srcset=\"https:\/\/hammamalalba.com\/wp-content\/uploads\/2024\/05\/F77ACD68-6775-4619-B996-E4B7076FB0E7-1024x768.jpg 1024w, https:\/\/hammamalalba.com\/wp-content\/uploads\/2024\/05\/F77ACD68-6775-4619-B996-E4B7076FB0E7-300x225.jpg 300w, https:\/\/hammamalalba.com\/wp-content\/uploads\/2024\/05\/F77ACD68-6775-4619-B996-E4B7076FB0E7-768x576.jpg 768w, https:\/\/hammamalalba.com\/wp-content\/uploads\/2024\/05\/F77ACD68-6775-4619-B996-E4B7076FB0E7-1536x1152.jpg 1536w, https:\/\/hammamalalba.com\/wp-content\/uploads\/2024\/05\/F77ACD68-6775-4619-B996-E4B7076FB0E7.jpg 2048w\" sizes=\"auto, (max-width: 1024px) 100vw, 1024px\" \/><\/figure>\n<\/div>\n<\/div>\n\n\n\n<div style=\"height:45px;width:0px\" aria-hidden=\"true\" class=\"wp-block-spacer\"><\/div>\n\n\n\n<p class=\"has-text-align-center has-large-font-size\"><strong>HAMMAM MEJOR VALORADO EN ASILAH &amp; TETOUAN<\/strong><\/p>\n\n\n\n<div class=\"wp-block-columns is-layout-flex wp-container-core-columns-is-layout-28f84493 wp-block-columns-is-layout-flex\">\n<div class=\"wp-block-column is-vertically-aligned-bottom is-layout-flow wp-block-column-is-layout-flow\">\n<p><\/p>\n\n\n\n<h2 class=\"wp-block-heading has-text-align-center\"><strong>4,6\/5<\/strong><\/h2>\n\n\n\n<figure class=\"wp-block-image aligncenter size-full is-resized\"><a href=\"https:\/\/www.google.com\/search?sca_esv=c22fddfe247c1d12&amp;rlz=1C1CHBF_esES972ES972&amp;sxsrf=ADLYWIIvEBHsJopC_Ss8JV8-X6UgnN6oBw:1715844608523&amp;q=hamma+al+alba&amp;uds=ADvngMg04TnMgw1FI9p1ZAV8hOXN9aD4q4MzSpP2M5HwL4EConeJWts84cc14sDok5iel6LbtexSce2MvifOLkD5ysZKTXLDV56jG2OFvMm7ZA3F34Qpk4I&amp;si=ACC90nwjPmqJHrCEt6ewASzksVFQDX8zco_7MgBaIawvaF4-7teM3ChKng68YBeUij8xrfzHE6oLRtj8fFOezN4AnvEVMYJfB4SYFoHil1FUMOzHU7HqIMU%3D&amp;sa=X&amp;ved=2ahUKEwiWyIWj05GGAxXdQfEDHW4qDlwQ3PALegQIFBAE&amp;biw=1600&amp;bih=738&amp;dpr=1\" target=\"_blank\" rel=\"noreferrer noopener\"><img loading=\"lazy\" decoding=\"async\" width=\"492\" height=\"237\" src=\"https:\/\/hammamalalba.com\/wp-content\/uploads\/2024\/05\/Logo-Google-Reviews.jpg\" alt=\"\" class=\"wp-image-1038\" style=\"width:139px;height:auto\" srcset=\"https:\/\/hammamalalba.com\/wp-content\/uploads\/2024\/05\/Logo-Google-Reviews.jpg 492w, https:\/\/hammamalalba.com\/wp-content\/uploads\/2024\/05\/Logo-Google-Reviews-300x145.jpg 300w\" sizes=\"auto, (max-width: 492px) 100vw, 492px\" \/><\/a><\/figure>\n<\/div>\n\n\n\n<div class=\"wp-block-column is-layout-flow wp-block-column-is-layout-flow\">\n<div style=\"height:14px;width:0px\" aria-hidden=\"true\" class=\"wp-block-spacer\"><\/div>\n\n\n\n<h2 class=\"wp-block-heading has-text-align-center\"><strong>4,6\/5<\/strong><\/h2>\n\n\n\n<figure class=\"wp-block-image aligncenter size-large is-resized\"><a href=\"https:\/\/www.tripadvisor.es\/Attraction_Review-g304012-d6542722-Reviews-Hammam_Al_Alba-Asilah_Tanger_Tetouan_Al_Hoceima.html\" target=\"_blank\" rel=\"noreferrer noopener\"><img loading=\"lazy\" decoding=\"async\" width=\"1024\" height=\"203\" src=\"https:\/\/hammamalalba.com\/wp-content\/uploads\/2024\/05\/Logo-Tripadvisor-Reviews-1024x203.jpg\" alt=\"\" class=\"wp-image-1039\" style=\"width:191px;height:auto\" srcset=\"https:\/\/hammamalalba.com\/wp-content\/uploads\/2024\/05\/Logo-Tripadvisor-Reviews-1024x203.jpg 1024w, https:\/\/hammamalalba.com\/wp-content\/uploads\/2024\/05\/Logo-Tripadvisor-Reviews-300x60.jpg 300w, https:\/\/hammamalalba.com\/wp-content\/uploads\/2024\/05\/Logo-Tripadvisor-Reviews-768x152.jpg 768w, https:\/\/hammamalalba.com\/wp-content\/uploads\/2024\/05\/Logo-Tripadvisor-Reviews.jpg 1255w\" sizes=\"auto, (max-width: 1024px) 100vw, 1024px\" \/><\/a><\/figure>\n<\/div>\n<\/div>\n<\/div>\n<\/main>\n","protected":false},"excerpt":{"rendered":"<p>Bienvenido a Hammam Al Alba Una Experiencia Exclusiva Hammam Al Alba tiene dos ubicaciones diferentes, Medina de Asilah y Tetu\u00e1n. Hemos creado un espacio \u00edntimo dedicado a tu atenci\u00f3n. Dispone de dos salas, templada (zona de masajes) y caliente (zona de ba\u00f1o), donde recreamos el proceso tradicional del hammam marroqu\u00ed. C\u00f3modo, discreto y acogedor, el [&hellip;]<\/p>\n","protected":false},"author":1,"featured_media":0,"parent":0,"menu_order":0,"comment_status":"closed","ping_status":"closed","template":"","meta":{"footnotes":""},"class_list":["post-3674","page","type-page","status-publish","hentry"],"yoast_head":"<!-- This site is optimized with the Yoast SEO plugin v27.3 - https:\/\/yoast.com\/product\/yoast-seo-wordpress\/ -->\n<title>HAMMAM AL ALBA - Hammam Asilah &amp; Tetouan<\/title>\n<meta name=\"robots\" content=\"index, follow, max-snippet:-1, max-image-preview:large, max-video-preview:-1\" \/>\n<link rel=\"canonical\" href=\"https:\/\/hammamalalba.com\/fr\/\" \/>\n<meta property=\"og:locale\" content=\"fr_FR\" \/>\n<meta property=\"og:type\" content=\"article\" \/>\n<meta property=\"og:title\" content=\"HAMMAM AL ALBA - Hammam Asilah &amp; Tetouan\" \/>\n<meta property=\"og:description\" content=\"Bienvenido a Hammam Al Alba Una Experiencia Exclusiva Hammam Al Alba tiene dos ubicaciones diferentes, Medina de Asilah y Tetu\u00e1n. Hemos creado un espacio \u00edntimo dedicado a tu atenci\u00f3n. Dispone de dos salas, templada (zona de masajes) y caliente (zona de ba\u00f1o), donde recreamos el proceso tradicional del hammam marroqu\u00ed. C\u00f3modo, discreto y acogedor, el [&hellip;]\" \/>\n<meta property=\"og:url\" content=\"https:\/\/hammamalalba.com\/fr\/\" \/>\n<meta property=\"og:site_name\" content=\"HAMMAM AL ALBA\" \/>\n<meta property=\"article:modified_time\" content=\"2025-09-17T13:05:24+00:00\" \/>\n<meta property=\"og:image\" content=\"https:\/\/hammamalalba.com\/wp-content\/uploads\/2024\/05\/6d7ae31d-7c57-4389-b0f4-8ea9f4e8d7fc.jpg\" \/>\n\t<meta property=\"og:image:width\" content=\"1600\" \/>\n\t<meta property=\"og:image:height\" content=\"1200\" \/>\n\t<meta property=\"og:image:type\" content=\"image\/jpeg\" \/>\n<meta name=\"twitter:card\" content=\"summary_large_image\" \/>\n<meta name=\"twitter:label1\" content=\"Dur\u00e9e de lecture estim\u00e9e\" \/>\n\t<meta name=\"twitter:data1\" content=\"3 minutes\" \/>\n<script type=\"application\/ld+json\" class=\"yoast-schema-graph\">{\"@context\":\"https:\\\/\\\/schema.org\",\"@graph\":[{\"@type\":\"WebPage\",\"@id\":\"https:\\\/\\\/hammamalalba.com\\\/fr\\\/\",\"url\":\"https:\\\/\\\/hammamalalba.com\\\/fr\\\/\",\"name\":\"HAMMAM AL ALBA - Hammam Asilah & Tetouan\",\"isPartOf\":{\"@id\":\"https:\\\/\\\/hammamalalba.com\\\/fr\\\/#website\"},\"primaryImageOfPage\":{\"@id\":\"https:\\\/\\\/hammamalalba.com\\\/fr\\\/#primaryimage\"},\"image\":{\"@id\":\"https:\\\/\\\/hammamalalba.com\\\/fr\\\/#primaryimage\"},\"thumbnailUrl\":\"https:\\\/\\\/hammamalalba.com\\\/wp-content\\\/uploads\\\/2024\\\/05\\\/6d7ae31d-7c57-4389-b0f4-8ea9f4e8d7fc-1024x768.jpg\",\"datePublished\":\"2025-09-17T11:36:31+00:00\",\"dateModified\":\"2025-09-17T13:05:24+00:00\",\"breadcrumb\":{\"@id\":\"https:\\\/\\\/hammamalalba.com\\\/fr\\\/#breadcrumb\"},\"inLanguage\":\"fr-FR\",\"potentialAction\":[{\"@type\":\"ReadAction\",\"target\":[\"https:\\\/\\\/hammamalalba.com\\\/fr\\\/\"]}]},{\"@type\":\"ImageObject\",\"inLanguage\":\"fr-FR\",\"@id\":\"https:\\\/\\\/hammamalalba.com\\\/fr\\\/#primaryimage\",\"url\":\"https:\\\/\\\/hammamalalba.com\\\/wp-content\\\/uploads\\\/2024\\\/05\\\/6d7ae31d-7c57-4389-b0f4-8ea9f4e8d7fc-1024x768.jpg\",\"contentUrl\":\"https:\\\/\\\/hammamalalba.com\\\/wp-content\\\/uploads\\\/2024\\\/05\\\/6d7ae31d-7c57-4389-b0f4-8ea9f4e8d7fc-1024x768.jpg\"},{\"@type\":\"BreadcrumbList\",\"@id\":\"https:\\\/\\\/hammamalalba.com\\\/fr\\\/#breadcrumb\",\"itemListElement\":[{\"@type\":\"ListItem\",\"position\":1,\"name\":\"Portada\",\"item\":\"https:\\\/\\\/hammamalalba.com\\\/fr\\\/\"},{\"@type\":\"ListItem\",\"position\":2,\"name\":\"Homepage\"}]},{\"@type\":\"WebSite\",\"@id\":\"https:\\\/\\\/hammamalalba.com\\\/fr\\\/#website\",\"url\":\"https:\\\/\\\/hammamalalba.com\\\/fr\\\/\",\"name\":\"HAMMAM AL ALBA - Assilah & Tetouan\",\"description\":\"Hammam Asilah &amp; Tetouan\",\"publisher\":{\"@id\":\"https:\\\/\\\/hammamalalba.com\\\/fr\\\/#organization\"},\"alternateName\":\"HAMMAM AL ALBA\",\"potentialAction\":[{\"@type\":\"SearchAction\",\"target\":{\"@type\":\"EntryPoint\",\"urlTemplate\":\"https:\\\/\\\/hammamalalba.com\\\/fr\\\/?s={search_term_string}\"},\"query-input\":{\"@type\":\"PropertyValueSpecification\",\"valueRequired\":true,\"valueName\":\"search_term_string\"}}],\"inLanguage\":\"fr-FR\"},{\"@type\":\"Organization\",\"@id\":\"https:\\\/\\\/hammamalalba.com\\\/fr\\\/#organization\",\"name\":\"HAMMAM AL ALBA - Assilah & Tetouan\",\"url\":\"https:\\\/\\\/hammamalalba.com\\\/fr\\\/\",\"logo\":{\"@type\":\"ImageObject\",\"inLanguage\":\"fr-FR\",\"@id\":\"https:\\\/\\\/hammamalalba.com\\\/fr\\\/#\\\/schema\\\/logo\\\/image\\\/\",\"url\":\"https:\\\/\\\/hammamalalba.com\\\/wp-content\\\/uploads\\\/2024\\\/05\\\/Logo-Hammam-al-alba-1.png\",\"contentUrl\":\"https:\\\/\\\/hammamalalba.com\\\/wp-content\\\/uploads\\\/2024\\\/05\\\/Logo-Hammam-al-alba-1.png\",\"width\":243,\"height\":275,\"caption\":\"HAMMAM AL ALBA - Assilah & Tetouan\"},\"image\":{\"@id\":\"https:\\\/\\\/hammamalalba.com\\\/fr\\\/#\\\/schema\\\/logo\\\/image\\\/\"}}]}<\/script>\n<!-- \/ Yoast SEO plugin. -->","yoast_head_json":{"title":"HAMMAM AL ALBA - Hammam Asilah & Tetouan","robots":{"index":"index","follow":"follow","max-snippet":"max-snippet:-1","max-image-preview":"max-image-preview:large","max-video-preview":"max-video-preview:-1"},"canonical":"https:\/\/hammamalalba.com\/fr\/","og_locale":"fr_FR","og_type":"article","og_title":"HAMMAM AL ALBA - Hammam Asilah & Tetouan","og_description":"Bienvenido a Hammam Al Alba Una Experiencia Exclusiva Hammam Al Alba tiene dos ubicaciones diferentes, Medina de Asilah y Tetu\u00e1n. Hemos creado un espacio \u00edntimo dedicado a tu atenci\u00f3n. Dispone de dos salas, templada (zona de masajes) y caliente (zona de ba\u00f1o), donde recreamos el proceso tradicional del hammam marroqu\u00ed. C\u00f3modo, discreto y acogedor, el [&hellip;]","og_url":"https:\/\/hammamalalba.com\/fr\/","og_site_name":"HAMMAM AL ALBA","article_modified_time":"2025-09-17T13:05:24+00:00","og_image":[{"width":1600,"height":1200,"url":"https:\/\/hammamalalba.com\/wp-content\/uploads\/2024\/05\/6d7ae31d-7c57-4389-b0f4-8ea9f4e8d7fc.jpg","type":"image\/jpeg"}],"twitter_card":"summary_large_image","twitter_misc":{"Dur\u00e9e de lecture estim\u00e9e":"3 minutes"},"schema":{"@context":"https:\/\/schema.org","@graph":[{"@type":"WebPage","@id":"https:\/\/hammamalalba.com\/fr\/","url":"https:\/\/hammamalalba.com\/fr\/","name":"HAMMAM AL ALBA - Hammam Asilah & Tetouan","isPartOf":{"@id":"https:\/\/hammamalalba.com\/fr\/#website"},"primaryImageOfPage":{"@id":"https:\/\/hammamalalba.com\/fr\/#primaryimage"},"image":{"@id":"https:\/\/hammamalalba.com\/fr\/#primaryimage"},"thumbnailUrl":"https:\/\/hammamalalba.com\/wp-content\/uploads\/2024\/05\/6d7ae31d-7c57-4389-b0f4-8ea9f4e8d7fc-1024x768.jpg","datePublished":"2025-09-17T11:36:31+00:00","dateModified":"2025-09-17T13:05:24+00:00","breadcrumb":{"@id":"https:\/\/hammamalalba.com\/fr\/#breadcrumb"},"inLanguage":"fr-FR","potentialAction":[{"@type":"ReadAction","target":["https:\/\/hammamalalba.com\/fr\/"]}]},{"@type":"ImageObject","inLanguage":"fr-FR","@id":"https:\/\/hammamalalba.com\/fr\/#primaryimage","url":"https:\/\/hammamalalba.com\/wp-content\/uploads\/2024\/05\/6d7ae31d-7c57-4389-b0f4-8ea9f4e8d7fc-1024x768.jpg","contentUrl":"https:\/\/hammamalalba.com\/wp-content\/uploads\/2024\/05\/6d7ae31d-7c57-4389-b0f4-8ea9f4e8d7fc-1024x768.jpg"},{"@type":"BreadcrumbList","@id":"https:\/\/hammamalalba.com\/fr\/#breadcrumb","itemListElement":[{"@type":"ListItem","position":1,"name":"Portada","item":"https:\/\/hammamalalba.com\/fr\/"},{"@type":"ListItem","position":2,"name":"Homepage"}]},{"@type":"WebSite","@id":"https:\/\/hammamalalba.com\/fr\/#website","url":"https:\/\/hammamalalba.com\/fr\/","name":"HAMMAM AL ALBA - Assilah & Tetouan","description":"Hammam Asilah &amp; Tetouan","publisher":{"@id":"https:\/\/hammamalalba.com\/fr\/#organization"},"alternateName":"HAMMAM AL ALBA","potentialAction":[{"@type":"SearchAction","target":{"@type":"EntryPoint","urlTemplate":"https:\/\/hammamalalba.com\/fr\/?s={search_term_string}"},"query-input":{"@type":"PropertyValueSpecification","valueRequired":true,"valueName":"search_term_string"}}],"inLanguage":"fr-FR"},{"@type":"Organization","@id":"https:\/\/hammamalalba.com\/fr\/#organization","name":"HAMMAM AL ALBA - Assilah & Tetouan","url":"https:\/\/hammamalalba.com\/fr\/","logo":{"@type":"ImageObject","inLanguage":"fr-FR","@id":"https:\/\/hammamalalba.com\/fr\/#\/schema\/logo\/image\/","url":"https:\/\/hammamalalba.com\/wp-content\/uploads\/2024\/05\/Logo-Hammam-al-alba-1.png","contentUrl":"https:\/\/hammamalalba.com\/wp-content\/uploads\/2024\/05\/Logo-Hammam-al-alba-1.png","width":243,"height":275,"caption":"HAMMAM AL ALBA - Assilah & Tetouan"},"image":{"@id":"https:\/\/hammamalalba.com\/fr\/#\/schema\/logo\/image\/"}}]}},"_links":{"self":[{"href":"https:\/\/hammamalalba.com\/fr\/wp-json\/wp\/v2\/pages\/3674","targetHints":{"allow":["GET"]}}],"collection":[{"href":"https:\/\/hammamalalba.com\/fr\/wp-json\/wp\/v2\/pages"}],"about":[{"href":"https:\/\/hammamalalba.com\/fr\/wp-json\/wp\/v2\/types\/page"}],"author":[{"embeddable":true,"href":"https:\/\/hammamalalba.com\/fr\/wp-json\/wp\/v2\/users\/1"}],"replies":[{"embeddable":true,"href":"https:\/\/hammamalalba.com\/fr\/wp-json\/wp\/v2\/comments?post=3674"}],"version-history":[{"count":2,"href":"https:\/\/hammamalalba.com\/fr\/wp-json\/wp\/v2\/pages\/3674\/revisions"}],"predecessor-version":[{"id":3678,"href":"https:\/\/hammamalalba.com\/fr\/wp-json\/wp\/v2\/pages\/3674\/revisions\/3678"}],"wp:attachment":[{"href":"https:\/\/hammamalalba.com\/fr\/wp-json\/wp\/v2\/media?parent=3674"}],"curies":[{"name":"wp","href":"https:\/\/api.w.org\/{rel}","templated":true}]}}