{"id":3470,"date":"2024-10-27T03:41:45","date_gmt":"2024-10-27T03:41:45","guid":{"rendered":"https:\/\/hammamalalba.com\/voyages-au-nord-du-maroc\/"},"modified":"2026-04-03T22:54:37","modified_gmt":"2026-04-03T22:54:37","slug":"voyages-au-nord-du-maroc","status":"publish","type":"page","link":"https:\/\/hammamalalba.com\/fr\/voyages-au-nord-du-maroc\/","title":{"rendered":"Voyages au Nord du Maroc"},"content":{"rendered":"\n<div style=\"height:50px\" aria-hidden=\"true\" class=\"wp-block-spacer\"><\/div>\n\n<h3 class=\"wp-block-heading has-text-align-center\">Hotel Al Alba Asilah <br\/>Exp\u00e9rience Bien-\u00eatre et Gastro<\/h3>\n\n<p class=\"has-text-align-center\"><strong>Why leave the calm? Complete your Asilah experience.<br\/>Don&rsquo;t let the relaxation end at the Hammam door. <\/strong><br\/><strong>Stay at Hotel Al Alba. Authentic Moroccan rooms, absolute peace, and a unique Gastronomic Experience . <\/strong><\/p>\n\n<div style=\"height:26px\" aria-hidden=\"true\" class=\"wp-block-spacer\"><\/div>\n\n<div class=\"wp-block-buttons is-content-justification-center is-layout-flex wp-container-core-buttons-is-layout-a89b3969 wp-block-buttons-is-layout-flex\">\n<div class=\"wp-block-button\"><a class=\"wp-block-button__link has-background has-text-align-center wp-element-button\" href=\"https:\/\/hotelalalba.com\/fr\/\" style=\"background-color:#28d3d9\" target=\"_blank\" rel=\"noreferrer noopener\">R\u00c9SERVEZ D\u00c8S MAINTENANT VOTRE PLACE AU HAMMAM ET RESTAURANT DE L&rsquo;H\u00d4TEL AL ALBA<br\/>50 % DE R\u00c9DUCTION SUR LES SERVICES DE HAMMAM<br\/>20 % DE R\u00c9DUCTION SUR LES SERVICES DE RESTAURANT<\/a><\/div>\n<\/div>\n\n<div style=\"height:50px\" aria-hidden=\"true\" class=\"wp-block-spacer\"><\/div>\n\n<div class=\"wp-block-columns is-layout-flex wp-container-core-columns-is-layout-28f84493 wp-block-columns-is-layout-flex\">\n<div class=\"wp-block-column is-layout-flow wp-block-column-is-layout-flow\">\n<figure class=\"wp-block-image size-large\"><img loading=\"lazy\" decoding=\"async\" width=\"977\" height=\"1024\" src=\"https:\/\/hammamalalba.com\/wp-content\/uploads\/2026\/01\/Al-Alba-Hotel-1-977x1024.png\" alt=\"\" class=\"wp-image-4019\" srcset=\"https:\/\/hammamalalba.com\/wp-content\/uploads\/2026\/01\/Al-Alba-Hotel-1-977x1024.png 977w, https:\/\/hammamalalba.com\/wp-content\/uploads\/2026\/01\/Al-Alba-Hotel-1-286x300.png 286w, https:\/\/hammamalalba.com\/wp-content\/uploads\/2026\/01\/Al-Alba-Hotel-1-768x805.png 768w, https:\/\/hammamalalba.com\/wp-content\/uploads\/2026\/01\/Al-Alba-Hotel-1-1466x1536.png 1466w, https:\/\/hammamalalba.com\/wp-content\/uploads\/2026\/01\/Al-Alba-Hotel-1-1955x2048.png 1955w, https:\/\/hammamalalba.com\/wp-content\/uploads\/2026\/01\/Al-Alba-Hotel-1.png 2016w\" sizes=\"auto, (max-width: 977px) 100vw, 977px\" \/><\/figure>\n\n\n\n<figure class=\"wp-block-image size-large\"><img loading=\"lazy\" decoding=\"async\" width=\"1024\" height=\"1024\" src=\"https:\/\/hammamalalba.com\/wp-content\/uploads\/2026\/01\/2-hammam-hotel-al-alba-2-1024x1024.png\" alt=\"\" class=\"wp-image-4021\" srcset=\"https:\/\/hammamalalba.com\/wp-content\/uploads\/2026\/01\/2-hammam-hotel-al-alba-2-1024x1024.png 1024w, https:\/\/hammamalalba.com\/wp-content\/uploads\/2026\/01\/2-hammam-hotel-al-alba-2-300x300.png 300w, https:\/\/hammamalalba.com\/wp-content\/uploads\/2026\/01\/2-hammam-hotel-al-alba-2-150x150.png 150w, https:\/\/hammamalalba.com\/wp-content\/uploads\/2026\/01\/2-hammam-hotel-al-alba-2-768x768.png 768w, https:\/\/hammamalalba.com\/wp-content\/uploads\/2026\/01\/2-hammam-hotel-al-alba-2-1536x1536.png 1536w, https:\/\/hammamalalba.com\/wp-content\/uploads\/2026\/01\/2-hammam-hotel-al-alba-2.png 2048w\" sizes=\"auto, (max-width: 1024px) 100vw, 1024px\" \/><\/figure>\n\n\n\n<figure class=\"wp-block-image size-large\"><img loading=\"lazy\" decoding=\"async\" width=\"1024\" height=\"687\" src=\"https:\/\/hammamalalba.com\/wp-content\/uploads\/2026\/01\/4-al-alba-restaurante-1-1-1024x687.png\" alt=\"\" class=\"wp-image-4023\" srcset=\"https:\/\/hammamalalba.com\/wp-content\/uploads\/2026\/01\/4-al-alba-restaurante-1-1-1024x687.png 1024w, https:\/\/hammamalalba.com\/wp-content\/uploads\/2026\/01\/4-al-alba-restaurante-1-1-300x201.png 300w, https:\/\/hammamalalba.com\/wp-content\/uploads\/2026\/01\/4-al-alba-restaurante-1-1-768x515.png 768w, https:\/\/hammamalalba.com\/wp-content\/uploads\/2026\/01\/4-al-alba-restaurante-1-1-1536x1030.png 1536w, https:\/\/hammamalalba.com\/wp-content\/uploads\/2026\/01\/4-al-alba-restaurante-1-1-2048x1374.png 2048w\" sizes=\"auto, (max-width: 1024px) 100vw, 1024px\" \/><\/figure>\n<\/div>\n\n\n\n<div class=\"wp-block-column is-layout-flow wp-block-column-is-layout-flow\">\n<figure class=\"wp-block-image size-large\"><img loading=\"lazy\" decoding=\"async\" width=\"977\" height=\"1024\" src=\"https:\/\/hammamalalba.com\/wp-content\/uploads\/2026\/01\/8-hotel-al-alba-977x1024.png\" alt=\"\" class=\"wp-image-4020\" srcset=\"https:\/\/hammamalalba.com\/wp-content\/uploads\/2026\/01\/8-hotel-al-alba-977x1024.png 977w, https:\/\/hammamalalba.com\/wp-content\/uploads\/2026\/01\/8-hotel-al-alba-286x300.png 286w, https:\/\/hammamalalba.com\/wp-content\/uploads\/2026\/01\/8-hotel-al-alba-768x805.png 768w, https:\/\/hammamalalba.com\/wp-content\/uploads\/2026\/01\/8-hotel-al-alba.png 1008w\" sizes=\"auto, (max-width: 977px) 100vw, 977px\" \/><\/figure>\n\n\n\n<figure class=\"wp-block-image size-large\"><img loading=\"lazy\" decoding=\"async\" width=\"977\" height=\"1024\" src=\"https:\/\/hammamalalba.com\/wp-content\/uploads\/2026\/01\/3-hammam-hotel-al-alba-3-977x1024.png\" alt=\"\" class=\"wp-image-4022\" style=\"aspect-ratio:0.9541097287375077\" srcset=\"https:\/\/hammamalalba.com\/wp-content\/uploads\/2026\/01\/3-hammam-hotel-al-alba-3-977x1024.png 977w, https:\/\/hammamalalba.com\/wp-content\/uploads\/2026\/01\/3-hammam-hotel-al-alba-3-286x300.png 286w, https:\/\/hammamalalba.com\/wp-content\/uploads\/2026\/01\/3-hammam-hotel-al-alba-3-768x805.png 768w, https:\/\/hammamalalba.com\/wp-content\/uploads\/2026\/01\/3-hammam-hotel-al-alba-3-1466x1536.png 1466w, https:\/\/hammamalalba.com\/wp-content\/uploads\/2026\/01\/3-hammam-hotel-al-alba-3-1955x2048.png 1955w, https:\/\/hammamalalba.com\/wp-content\/uploads\/2026\/01\/3-hammam-hotel-al-alba-3.png 2016w\" sizes=\"auto, (max-width: 977px) 100vw, 977px\" \/><\/figure>\n\n\n\n<figure class=\"wp-block-image size-large\"><img loading=\"lazy\" decoding=\"async\" width=\"977\" height=\"1024\" src=\"https:\/\/hammamalalba.com\/wp-content\/uploads\/2026\/01\/Al-Alba-Hotel-2-977x1024.png\" alt=\"\" class=\"wp-image-4024\" style=\"aspect-ratio:0.9541097287375077\" srcset=\"https:\/\/hammamalalba.com\/wp-content\/uploads\/2026\/01\/Al-Alba-Hotel-2-977x1024.png 977w, https:\/\/hammamalalba.com\/wp-content\/uploads\/2026\/01\/Al-Alba-Hotel-2-286x300.png 286w, https:\/\/hammamalalba.com\/wp-content\/uploads\/2026\/01\/Al-Alba-Hotel-2-768x805.png 768w, https:\/\/hammamalalba.com\/wp-content\/uploads\/2026\/01\/Al-Alba-Hotel-2-1466x1536.png 1466w, https:\/\/hammamalalba.com\/wp-content\/uploads\/2026\/01\/Al-Alba-Hotel-2-1955x2048.png 1955w, https:\/\/hammamalalba.com\/wp-content\/uploads\/2026\/01\/Al-Alba-Hotel-2.png 2016w\" sizes=\"auto, (max-width: 977px) 100vw, 977px\" \/><\/figure>\n<\/div>\n<\/div>\n\n<div style=\"height:57px\" aria-hidden=\"true\" class=\"wp-block-spacer\"><\/div>\n\n<figure class=\"wp-block-image aligncenter size-full\"><img loading=\"lazy\" decoding=\"async\" width=\"1000\" height=\"222\" src=\"https:\/\/hammamalalba.com\/wp-content\/uploads\/2024\/11\/transfers_en_marruecos.jpg\" alt=\"\" class=\"wp-image-3439\" srcset=\"https:\/\/hammamalalba.com\/wp-content\/uploads\/2024\/11\/transfers_en_marruecos.jpg 1000w, https:\/\/hammamalalba.com\/wp-content\/uploads\/2024\/11\/transfers_en_marruecos-300x67.jpg 300w, https:\/\/hammamalalba.com\/wp-content\/uploads\/2024\/11\/transfers_en_marruecos-768x170.jpg 768w\" sizes=\"auto, (max-width: 1000px) 100vw, 1000px\" \/><\/figure>\n","protected":false},"excerpt":{"rendered":"<p>Hotel Al Alba Asilah Exp\u00e9rience Bien-\u00eatre et Gastro Why leave the calm? Complete your Asilah experience.Don&rsquo;t let the relaxation end at the Hammam door. Stay at Hotel Al Alba. Authentic Moroccan rooms, absolute peace, and a unique Gastronomic Experience .<\/p>\n","protected":false},"author":1,"featured_media":0,"parent":0,"menu_order":0,"comment_status":"closed","ping_status":"closed","template":"page-no-title","meta":{"footnotes":""},"class_list":["post-3470","page","type-page","status-publish","hentry"],"yoast_head":"<!-- This site is optimized with the Yoast SEO plugin v27.3 - https:\/\/yoast.com\/product\/yoast-seo-wordpress\/ -->\n<title>Voyages au Nord du Maroc - HAMMAM AL ALBA<\/title>\n<meta name=\"description\" content=\"L&#039;H\u00f4tel Al Alba Hammam &amp; Restaurant offre la meilleure exp\u00e9rience de voyage dans le nord du Maroc depuis 2006.\" \/>\n<meta name=\"robots\" content=\"index, follow, max-snippet:-1, max-image-preview:large, max-video-preview:-1\" \/>\n<link rel=\"canonical\" href=\"https:\/\/hammamalalba.com\/fr\/voyages-au-nord-du-maroc\/\" \/>\n<meta property=\"og:locale\" content=\"fr_FR\" \/>\n<meta property=\"og:type\" content=\"article\" \/>\n<meta property=\"og:title\" content=\"Voyages au Nord du Maroc - HAMMAM AL ALBA\" \/>\n<meta property=\"og:description\" content=\"L&#039;H\u00f4tel Al Alba Hammam &amp; Restaurant offre la meilleure exp\u00e9rience de voyage dans le nord du Maroc depuis 2006.\" \/>\n<meta property=\"og:url\" content=\"https:\/\/hammamalalba.com\/fr\/voyages-au-nord-du-maroc\/\" \/>\n<meta property=\"og:site_name\" content=\"HAMMAM AL ALBA\" \/>\n<meta property=\"article:modified_time\" content=\"2026-04-03T22:54:37+00:00\" \/>\n<meta property=\"og:image\" content=\"https:\/\/hammamalalba.com\/wp-content\/uploads\/2026\/01\/Al-Alba-Hotel-1-977x1024.png\" \/>\n\t<meta property=\"og:image:width\" content=\"977\" \/>\n\t<meta property=\"og:image:height\" content=\"1024\" \/>\n\t<meta property=\"og:image:type\" content=\"image\/png\" \/>\n<meta name=\"twitter:card\" content=\"summary_large_image\" \/>\n<script type=\"application\/ld+json\" class=\"yoast-schema-graph\">{\"@context\":\"https:\\\/\\\/schema.org\",\"@graph\":[{\"@type\":\"WebPage\",\"@id\":\"https:\\\/\\\/hammamalalba.com\\\/fr\\\/voyages-au-nord-du-maroc\\\/\",\"url\":\"https:\\\/\\\/hammamalalba.com\\\/fr\\\/voyages-au-nord-du-maroc\\\/\",\"name\":\"Voyages au Nord du Maroc - HAMMAM AL ALBA\",\"isPartOf\":{\"@id\":\"https:\\\/\\\/hammamalalba.com\\\/fr\\\/#website\"},\"primaryImageOfPage\":{\"@id\":\"https:\\\/\\\/hammamalalba.com\\\/fr\\\/voyages-au-nord-du-maroc\\\/#primaryimage\"},\"image\":{\"@id\":\"https:\\\/\\\/hammamalalba.com\\\/fr\\\/voyages-au-nord-du-maroc\\\/#primaryimage\"},\"thumbnailUrl\":\"https:\\\/\\\/hammamalalba.com\\\/wp-content\\\/uploads\\\/2026\\\/01\\\/Al-Alba-Hotel-1-977x1024.png\",\"datePublished\":\"2024-10-27T03:41:45+00:00\",\"dateModified\":\"2026-04-03T22:54:37+00:00\",\"description\":\"L'H\u00f4tel Al Alba Hammam & Restaurant offre la meilleure exp\u00e9rience de voyage dans le nord du Maroc depuis 2006.\",\"breadcrumb\":{\"@id\":\"https:\\\/\\\/hammamalalba.com\\\/fr\\\/voyages-au-nord-du-maroc\\\/#breadcrumb\"},\"inLanguage\":\"fr-FR\",\"potentialAction\":[{\"@type\":\"ReadAction\",\"target\":[\"https:\\\/\\\/hammamalalba.com\\\/fr\\\/voyages-au-nord-du-maroc\\\/\"]}]},{\"@type\":\"ImageObject\",\"inLanguage\":\"fr-FR\",\"@id\":\"https:\\\/\\\/hammamalalba.com\\\/fr\\\/voyages-au-nord-du-maroc\\\/#primaryimage\",\"url\":\"https:\\\/\\\/hammamalalba.com\\\/wp-content\\\/uploads\\\/2026\\\/01\\\/Al-Alba-Hotel-1-977x1024.png\",\"contentUrl\":\"https:\\\/\\\/hammamalalba.com\\\/wp-content\\\/uploads\\\/2026\\\/01\\\/Al-Alba-Hotel-1-977x1024.png\"},{\"@type\":\"BreadcrumbList\",\"@id\":\"https:\\\/\\\/hammamalalba.com\\\/fr\\\/voyages-au-nord-du-maroc\\\/#breadcrumb\",\"itemListElement\":[{\"@type\":\"ListItem\",\"position\":1,\"name\":\"Portada\",\"item\":\"https:\\\/\\\/hammamalalba.com\\\/fr\\\/\"},{\"@type\":\"ListItem\",\"position\":2,\"name\":\"Voyages au Nord du Maroc\"}]},{\"@type\":\"WebSite\",\"@id\":\"https:\\\/\\\/hammamalalba.com\\\/fr\\\/#website\",\"url\":\"https:\\\/\\\/hammamalalba.com\\\/fr\\\/\",\"name\":\"HAMMAM AL ALBA - Assilah & Tetouan\",\"description\":\"Hammam Asilah &amp; Tetouan\",\"publisher\":{\"@id\":\"https:\\\/\\\/hammamalalba.com\\\/fr\\\/#organization\"},\"alternateName\":\"HAMMAM AL ALBA\",\"potentialAction\":[{\"@type\":\"SearchAction\",\"target\":{\"@type\":\"EntryPoint\",\"urlTemplate\":\"https:\\\/\\\/hammamalalba.com\\\/fr\\\/?s={search_term_string}\"},\"query-input\":{\"@type\":\"PropertyValueSpecification\",\"valueRequired\":true,\"valueName\":\"search_term_string\"}}],\"inLanguage\":\"fr-FR\"},{\"@type\":\"Organization\",\"@id\":\"https:\\\/\\\/hammamalalba.com\\\/fr\\\/#organization\",\"name\":\"HAMMAM AL ALBA - Assilah & Tetouan\",\"url\":\"https:\\\/\\\/hammamalalba.com\\\/fr\\\/\",\"logo\":{\"@type\":\"ImageObject\",\"inLanguage\":\"fr-FR\",\"@id\":\"https:\\\/\\\/hammamalalba.com\\\/fr\\\/#\\\/schema\\\/logo\\\/image\\\/\",\"url\":\"https:\\\/\\\/hammamalalba.com\\\/wp-content\\\/uploads\\\/2024\\\/05\\\/Logo-Hammam-al-alba-1.png\",\"contentUrl\":\"https:\\\/\\\/hammamalalba.com\\\/wp-content\\\/uploads\\\/2024\\\/05\\\/Logo-Hammam-al-alba-1.png\",\"width\":243,\"height\":275,\"caption\":\"HAMMAM AL ALBA - Assilah & Tetouan\"},\"image\":{\"@id\":\"https:\\\/\\\/hammamalalba.com\\\/fr\\\/#\\\/schema\\\/logo\\\/image\\\/\"}}]}<\/script>\n<!-- \/ Yoast SEO plugin. -->","yoast_head_json":{"title":"Voyages au Nord du Maroc - HAMMAM AL ALBA","description":"L'H\u00f4tel Al Alba Hammam & Restaurant offre la meilleure exp\u00e9rience de voyage dans le nord du Maroc depuis 2006.","robots":{"index":"index","follow":"follow","max-snippet":"max-snippet:-1","max-image-preview":"max-image-preview:large","max-video-preview":"max-video-preview:-1"},"canonical":"https:\/\/hammamalalba.com\/fr\/voyages-au-nord-du-maroc\/","og_locale":"fr_FR","og_type":"article","og_title":"Voyages au Nord du Maroc - HAMMAM AL ALBA","og_description":"L'H\u00f4tel Al Alba Hammam & Restaurant offre la meilleure exp\u00e9rience de voyage dans le nord du Maroc depuis 2006.","og_url":"https:\/\/hammamalalba.com\/fr\/voyages-au-nord-du-maroc\/","og_site_name":"HAMMAM AL ALBA","article_modified_time":"2026-04-03T22:54:37+00:00","og_image":[{"width":977,"height":1024,"url":"https:\/\/hammamalalba.com\/wp-content\/uploads\/2026\/01\/Al-Alba-Hotel-1-977x1024.png","type":"image\/png"}],"twitter_card":"summary_large_image","schema":{"@context":"https:\/\/schema.org","@graph":[{"@type":"WebPage","@id":"https:\/\/hammamalalba.com\/fr\/voyages-au-nord-du-maroc\/","url":"https:\/\/hammamalalba.com\/fr\/voyages-au-nord-du-maroc\/","name":"Voyages au Nord du Maroc - HAMMAM AL ALBA","isPartOf":{"@id":"https:\/\/hammamalalba.com\/fr\/#website"},"primaryImageOfPage":{"@id":"https:\/\/hammamalalba.com\/fr\/voyages-au-nord-du-maroc\/#primaryimage"},"image":{"@id":"https:\/\/hammamalalba.com\/fr\/voyages-au-nord-du-maroc\/#primaryimage"},"thumbnailUrl":"https:\/\/hammamalalba.com\/wp-content\/uploads\/2026\/01\/Al-Alba-Hotel-1-977x1024.png","datePublished":"2024-10-27T03:41:45+00:00","dateModified":"2026-04-03T22:54:37+00:00","description":"L'H\u00f4tel Al Alba Hammam & Restaurant offre la meilleure exp\u00e9rience de voyage dans le nord du Maroc depuis 2006.","breadcrumb":{"@id":"https:\/\/hammamalalba.com\/fr\/voyages-au-nord-du-maroc\/#breadcrumb"},"inLanguage":"fr-FR","potentialAction":[{"@type":"ReadAction","target":["https:\/\/hammamalalba.com\/fr\/voyages-au-nord-du-maroc\/"]}]},{"@type":"ImageObject","inLanguage":"fr-FR","@id":"https:\/\/hammamalalba.com\/fr\/voyages-au-nord-du-maroc\/#primaryimage","url":"https:\/\/hammamalalba.com\/wp-content\/uploads\/2026\/01\/Al-Alba-Hotel-1-977x1024.png","contentUrl":"https:\/\/hammamalalba.com\/wp-content\/uploads\/2026\/01\/Al-Alba-Hotel-1-977x1024.png"},{"@type":"BreadcrumbList","@id":"https:\/\/hammamalalba.com\/fr\/voyages-au-nord-du-maroc\/#breadcrumb","itemListElement":[{"@type":"ListItem","position":1,"name":"Portada","item":"https:\/\/hammamalalba.com\/fr\/"},{"@type":"ListItem","position":2,"name":"Voyages au Nord du Maroc"}]},{"@type":"WebSite","@id":"https:\/\/hammamalalba.com\/fr\/#website","url":"https:\/\/hammamalalba.com\/fr\/","name":"HAMMAM AL ALBA - Assilah & Tetouan","description":"Hammam Asilah &amp; Tetouan","publisher":{"@id":"https:\/\/hammamalalba.com\/fr\/#organization"},"alternateName":"HAMMAM AL ALBA","potentialAction":[{"@type":"SearchAction","target":{"@type":"EntryPoint","urlTemplate":"https:\/\/hammamalalba.com\/fr\/?s={search_term_string}"},"query-input":{"@type":"PropertyValueSpecification","valueRequired":true,"valueName":"search_term_string"}}],"inLanguage":"fr-FR"},{"@type":"Organization","@id":"https:\/\/hammamalalba.com\/fr\/#organization","name":"HAMMAM AL ALBA - Assilah & Tetouan","url":"https:\/\/hammamalalba.com\/fr\/","logo":{"@type":"ImageObject","inLanguage":"fr-FR","@id":"https:\/\/hammamalalba.com\/fr\/#\/schema\/logo\/image\/","url":"https:\/\/hammamalalba.com\/wp-content\/uploads\/2024\/05\/Logo-Hammam-al-alba-1.png","contentUrl":"https:\/\/hammamalalba.com\/wp-content\/uploads\/2024\/05\/Logo-Hammam-al-alba-1.png","width":243,"height":275,"caption":"HAMMAM AL ALBA - Assilah & Tetouan"},"image":{"@id":"https:\/\/hammamalalba.com\/fr\/#\/schema\/logo\/image\/"}}]}},"_links":{"self":[{"href":"https:\/\/hammamalalba.com\/fr\/wp-json\/wp\/v2\/pages\/3470","targetHints":{"allow":["GET"]}}],"collection":[{"href":"https:\/\/hammamalalba.com\/fr\/wp-json\/wp\/v2\/pages"}],"about":[{"href":"https:\/\/hammamalalba.com\/fr\/wp-json\/wp\/v2\/types\/page"}],"author":[{"embeddable":true,"href":"https:\/\/hammamalalba.com\/fr\/wp-json\/wp\/v2\/users\/1"}],"replies":[{"embeddable":true,"href":"https:\/\/hammamalalba.com\/fr\/wp-json\/wp\/v2\/comments?post=3470"}],"version-history":[{"count":19,"href":"https:\/\/hammamalalba.com\/fr\/wp-json\/wp\/v2\/pages\/3470\/revisions"}],"predecessor-version":[{"id":4355,"href":"https:\/\/hammamalalba.com\/fr\/wp-json\/wp\/v2\/pages\/3470\/revisions\/4355"}],"wp:attachment":[{"href":"https:\/\/hammamalalba.com\/fr\/wp-json\/wp\/v2\/media?parent=3470"}],"curies":[{"name":"wp","href":"https:\/\/api.w.org\/{rel}","templated":true}]}}