{"id":3125,"date":"2024-10-22T11:11:08","date_gmt":"2024-10-22T11:11:08","guid":{"rendered":"https:\/\/hammamalalba.com\/offres\/"},"modified":"2025-11-14T21:16:30","modified_gmt":"2025-11-14T21:16:30","slug":"offres","status":"publish","type":"page","link":"https:\/\/hammamalalba.com\/fr\/offres\/","title":{"rendered":"OFFRES"},"content":{"rendered":"\n<h2 class=\"wp-block-heading has-text-align-center\"><em>Al Alba <\/em>Restaurant <br\/>2<em>0% OFFER<\/em><\/h2>\n\n<p class=\"has-text-align-center\"><em><strong>Si vous r\u00e9servez 1 ou plusieurs nuits \u00e0 <\/strong><\/em><strong> <em>Hotel Al Alba<\/em><\/strong><br\/><strong><em>Ou toute exp\u00e9rience au Hammam Al Alba<\/em><\/strong><\/p>\n\n<div class=\"wp-block-columns is-layout-flex wp-container-core-columns-is-layout-28f84493 wp-block-columns-is-layout-flex\">\n<div class=\"wp-block-column is-layout-flow wp-block-column-is-layout-flow\">\n<figure class=\"wp-block-image size-large\"><img loading=\"lazy\" decoding=\"async\" width=\"1024\" height=\"684\" src=\"https:\/\/hammamalalba.com\/wp-content\/uploads\/2025\/11\/DSC02916-1024x684.jpg\" alt=\"\" class=\"wp-image-3726\" srcset=\"https:\/\/hammamalalba.com\/wp-content\/uploads\/2025\/11\/DSC02916-1024x684.jpg 1024w, https:\/\/hammamalalba.com\/wp-content\/uploads\/2025\/11\/DSC02916-300x200.jpg 300w, https:\/\/hammamalalba.com\/wp-content\/uploads\/2025\/11\/DSC02916-768x513.jpg 768w, https:\/\/hammamalalba.com\/wp-content\/uploads\/2025\/11\/DSC02916.jpg 1402w\" sizes=\"auto, (max-width: 1024px) 100vw, 1024px\" \/><\/figure>\n<\/div>\n\n\n\n<div class=\"wp-block-column is-layout-flow wp-block-column-is-layout-flow\">\n<figure class=\"wp-block-image size-large\"><img loading=\"lazy\" decoding=\"async\" width=\"1024\" height=\"684\" src=\"https:\/\/hammamalalba.com\/wp-content\/uploads\/2025\/11\/DSC02887-1024x684.jpg\" alt=\"\" class=\"wp-image-3720\" srcset=\"https:\/\/hammamalalba.com\/wp-content\/uploads\/2025\/11\/DSC02887-1024x684.jpg 1024w, https:\/\/hammamalalba.com\/wp-content\/uploads\/2025\/11\/DSC02887-300x200.jpg 300w, https:\/\/hammamalalba.com\/wp-content\/uploads\/2025\/11\/DSC02887-768x513.jpg 768w, https:\/\/hammamalalba.com\/wp-content\/uploads\/2025\/11\/DSC02887-1536x1027.jpg 1536w, https:\/\/hammamalalba.com\/wp-content\/uploads\/2025\/11\/DSC02887.jpg 1616w\" sizes=\"auto, (max-width: 1024px) 100vw, 1024px\" \/><\/figure>\n<\/div>\n\n\n\n<div class=\"wp-block-column is-layout-flow wp-block-column-is-layout-flow\">\n<figure class=\"wp-block-image size-full\"><img loading=\"lazy\" decoding=\"async\" width=\"1024\" height=\"683\" src=\"https:\/\/hammamalalba.com\/wp-content\/uploads\/2025\/11\/IMG_9184.jpg\" alt=\"\" class=\"wp-image-3729\" srcset=\"https:\/\/hammamalalba.com\/wp-content\/uploads\/2025\/11\/IMG_9184.jpg 1024w, https:\/\/hammamalalba.com\/wp-content\/uploads\/2025\/11\/IMG_9184-300x200.jpg 300w, https:\/\/hammamalalba.com\/wp-content\/uploads\/2025\/11\/IMG_9184-768x512.jpg 768w\" sizes=\"auto, (max-width: 1024px) 100vw, 1024px\" \/><\/figure>\n<\/div>\n<\/div>\n\n<div style=\"height:38px\" aria-hidden=\"true\" class=\"wp-block-spacer\"><\/div>\n\n<div class=\"wp-block-buttons alignwide is-content-justification-center is-layout-flex wp-container-core-buttons-is-layout-a89b3969 wp-block-buttons-is-layout-flex\">\n<div class=\"wp-block-button\"><a class=\"wp-block-button__link has-background has-text-align-center wp-element-button\" href=\"https:\/\/hotelalalba.com\/fr\/restaurant\/\" style=\"background-color:#28d3d9\" target=\"_blank\" rel=\"noreferrer noopener\"><strong>Restaurant Al Alba: Une fusion de tradition et de cr\u00e9ativit\u00e9<\/strong><br\/>Meilleure note \u00e1 Asilah<br\/>VOIR PLUS<\/a><\/div>\n<\/div>\n\n<div style=\"height:38px\" aria-hidden=\"true\" class=\"wp-block-spacer\"><\/div>\n\n<h2 class=\"wp-block-heading has-text-align-center\"><em>Hammam Al Alba<\/em><br\/><em>50% OFF<\/em><\/h2>\n\n<h4 class=\"wp-block-heading has-text-align-center\"><em><strong>Si vous r\u00e9servez une ou plusieurs nuits dans<\/strong><\/em><br\/><em><strong><a href=\"https:\/\/hotelalalba.com\/en\/\">Hotel Al Alba Hammam &amp; Restaurant<\/a><\/strong><\/em> <em><strong>(Asilah<\/strong>)<\/em><\/h4>\n\n<figure class=\"wp-block-image aligncenter size-full is-resized\"><img loading=\"lazy\" decoding=\"async\" width=\"1024\" height=\"680\" src=\"https:\/\/hammamalalba.com\/wp-content\/uploads\/2024\/10\/14476728.jpg\" alt=\"\" class=\"wp-image-3101\" style=\"width:448px;height:auto\" srcset=\"https:\/\/hammamalalba.com\/wp-content\/uploads\/2024\/10\/14476728.jpg 1024w, https:\/\/hammamalalba.com\/wp-content\/uploads\/2024\/10\/14476728-300x199.jpg 300w, https:\/\/hammamalalba.com\/wp-content\/uploads\/2024\/10\/14476728-768x510.jpg 768w\" sizes=\"auto, (max-width: 1024px) 100vw, 1024px\" \/><\/figure>\n\n<div style=\"height:22px\" aria-hidden=\"true\" class=\"wp-block-spacer\"><\/div>\n\n<div class=\"wp-block-buttons alignwide is-content-justification-center is-layout-flex wp-container-core-buttons-is-layout-a89b3969 wp-block-buttons-is-layout-flex\">\n<div class=\"wp-block-button\"><a class=\"wp-block-button__link has-background has-text-align-center wp-element-button\" href=\"https:\/\/hotelalalba.com\/fr\/\" style=\"background-color:#28d3d9\" target=\"_blank\" rel=\"noreferrer noopener\">R\u00c9SERVEZ D\u00c8S MAINTENANT VOTRE PLACE AU HAMMAM ET RESTAURANT DE L&rsquo;H\u00d4TEL AL ALBA<br\/>ET \u00c9CONOMISEZ 50 % SUR LES SERVICES DE HAMMAM<\/a><\/div>\n<\/div>\n\n<div style=\"height:43px\" aria-hidden=\"true\" class=\"wp-block-spacer\"><\/div>\n\n<p><strong>Hotel Al Alba Hammam &amp; Restaurant<\/strong> est situ\u00e9 <strong>40 km from Tangier<\/strong>. <strong>In front of the beach of Asilah<\/strong>, emplacement et acc\u00e8s faciles. Con\u00e7u pour se sentir chez soi avec de subtiles touches arabes, dans des couleurs blanches et bleues. Elle offre un grand espace commun, compos\u00e9 d&rsquo;un salon (TV), d&rsquo;une salle d&rsquo;affaires avec informations touristiques, d&rsquo;un hammam-spa (traditionnel marocain), d&rsquo;un salon de th\u00e9 et d&rsquo;un restaurant servant une cuisine traditionnelle marocaine. Il dispose de 12 chambres avec salle de bain, ext\u00e9rieures et climatis\u00e9es. Wifi et parking gratuit \u00e0 c\u00f4t\u00e9 de l&rsquo;h\u00f4tel avec vid\u00e9osurveillance 24h\/24.    <\/p>\n\n<div style=\"height:43px\" aria-hidden=\"true\" class=\"wp-block-spacer\"><\/div>\n\n<div class=\"wp-block-columns is-layout-flex wp-container-core-columns-is-layout-28f84493 wp-block-columns-is-layout-flex\">\n<div class=\"wp-block-column is-layout-flow wp-block-column-is-layout-flow\">\n<figure class=\"wp-block-image size-large\"><img loading=\"lazy\" decoding=\"async\" width=\"1024\" height=\"680\" src=\"https:\/\/hammamalalba.com\/wp-content\/uploads\/2024\/10\/37430780-1024x680.jpg\" alt=\"\" class=\"wp-image-3089\" srcset=\"https:\/\/hammamalalba.com\/wp-content\/uploads\/2024\/10\/37430780-1024x680.jpg 1024w, https:\/\/hammamalalba.com\/wp-content\/uploads\/2024\/10\/37430780-300x199.jpg 300w, https:\/\/hammamalalba.com\/wp-content\/uploads\/2024\/10\/37430780-768x510.jpg 768w, https:\/\/hammamalalba.com\/wp-content\/uploads\/2024\/10\/37430780.jpg 1280w\" sizes=\"auto, (max-width: 1024px) 100vw, 1024px\" \/><\/figure>\n<\/div>\n\n\n\n<div class=\"wp-block-column is-layout-flow wp-block-column-is-layout-flow\">\n<figure class=\"wp-block-image size-large\"><img loading=\"lazy\" decoding=\"async\" width=\"1024\" height=\"680\" src=\"https:\/\/hammamalalba.com\/wp-content\/uploads\/2024\/10\/14475478-1024x680.jpg\" alt=\"\" class=\"wp-image-3092\" srcset=\"https:\/\/hammamalalba.com\/wp-content\/uploads\/2024\/10\/14475478-1024x680.jpg 1024w, https:\/\/hammamalalba.com\/wp-content\/uploads\/2024\/10\/14475478-300x199.jpg 300w, https:\/\/hammamalalba.com\/wp-content\/uploads\/2024\/10\/14475478-768x510.jpg 768w, https:\/\/hammamalalba.com\/wp-content\/uploads\/2024\/10\/14475478.jpg 1280w\" sizes=\"auto, (max-width: 1024px) 100vw, 1024px\" \/><\/figure>\n<\/div>\n\n\n\n<div class=\"wp-block-column is-layout-flow wp-block-column-is-layout-flow\">\n<figure class=\"wp-block-image size-large\"><img loading=\"lazy\" decoding=\"async\" width=\"1024\" height=\"680\" src=\"https:\/\/hammamalalba.com\/wp-content\/uploads\/2024\/10\/14467300-1024x680.jpg\" alt=\"\" class=\"wp-image-3095\" srcset=\"https:\/\/hammamalalba.com\/wp-content\/uploads\/2024\/10\/14467300-1024x680.jpg 1024w, https:\/\/hammamalalba.com\/wp-content\/uploads\/2024\/10\/14467300-300x199.jpg 300w, https:\/\/hammamalalba.com\/wp-content\/uploads\/2024\/10\/14467300-768x510.jpg 768w, https:\/\/hammamalalba.com\/wp-content\/uploads\/2024\/10\/14467300.jpg 1280w\" sizes=\"auto, (max-width: 1024px) 100vw, 1024px\" \/><\/figure>\n<\/div>\n<\/div>\n\n<div class=\"wp-block-columns is-layout-flex wp-container-core-columns-is-layout-28f84493 wp-block-columns-is-layout-flex\">\n<div class=\"wp-block-column is-layout-flow wp-block-column-is-layout-flow\">\n<figure class=\"wp-block-image size-full\"><img loading=\"lazy\" decoding=\"async\" width=\"1024\" height=\"680\" src=\"https:\/\/hammamalalba.com\/wp-content\/uploads\/2024\/10\/14452549.jpg\" alt=\"\" class=\"wp-image-3098\" srcset=\"https:\/\/hammamalalba.com\/wp-content\/uploads\/2024\/10\/14452549.jpg 1024w, https:\/\/hammamalalba.com\/wp-content\/uploads\/2024\/10\/14452549-300x199.jpg 300w, https:\/\/hammamalalba.com\/wp-content\/uploads\/2024\/10\/14452549-768x510.jpg 768w\" sizes=\"auto, (max-width: 1024px) 100vw, 1024px\" \/><\/figure>\n<\/div>\n\n\n\n<div class=\"wp-block-column is-layout-flow wp-block-column-is-layout-flow\">\n<figure class=\"wp-block-image size-full\"><img loading=\"lazy\" decoding=\"async\" width=\"1024\" height=\"680\" src=\"https:\/\/hammamalalba.com\/wp-content\/uploads\/2024\/10\/14476728.jpg\" alt=\"\" class=\"wp-image-3101\" srcset=\"https:\/\/hammamalalba.com\/wp-content\/uploads\/2024\/10\/14476728.jpg 1024w, https:\/\/hammamalalba.com\/wp-content\/uploads\/2024\/10\/14476728-300x199.jpg 300w, https:\/\/hammamalalba.com\/wp-content\/uploads\/2024\/10\/14476728-768x510.jpg 768w\" sizes=\"auto, (max-width: 1024px) 100vw, 1024px\" \/><\/figure>\n<\/div>\n\n\n\n<div class=\"wp-block-column is-layout-flow wp-block-column-is-layout-flow\">\n<figure class=\"wp-block-image size-full\"><img loading=\"lazy\" decoding=\"async\" width=\"1024\" height=\"680\" src=\"https:\/\/hammamalalba.com\/wp-content\/uploads\/2024\/10\/14452070.jpg\" alt=\"\" class=\"wp-image-3104\" srcset=\"https:\/\/hammamalalba.com\/wp-content\/uploads\/2024\/10\/14452070.jpg 1024w, https:\/\/hammamalalba.com\/wp-content\/uploads\/2024\/10\/14452070-300x199.jpg 300w, https:\/\/hammamalalba.com\/wp-content\/uploads\/2024\/10\/14452070-768x510.jpg 768w\" sizes=\"auto, (max-width: 1024px) 100vw, 1024px\" \/><\/figure>\n<\/div>\n<\/div>\n\n<div style=\"height:49px\" aria-hidden=\"true\" class=\"wp-block-spacer\"><\/div>\n\n<p><\/p>\n","protected":false},"excerpt":{"rendered":"<p>Al Alba Restaurant 20% OFFER Si vous r\u00e9servez 1 ou plusieurs nuits \u00e0 Hotel Al AlbaOu toute exp\u00e9rience au Hammam Al Alba Hammam Al Alba50% OFF Si vous r\u00e9servez une ou plusieurs nuits dansHotel Al Alba Hammam &amp; Restaurant (Asilah) Hotel Al Alba Hammam &amp; Restaurant est situ\u00e9 40 km from Tangier. In front of [&hellip;]<\/p>\n","protected":false},"author":1,"featured_media":0,"parent":0,"menu_order":0,"comment_status":"closed","ping_status":"closed","template":"","meta":{"footnotes":""},"class_list":["post-3125","page","type-page","status-publish","hentry"],"yoast_head":"<!-- This site is optimized with the Yoast SEO plugin v27.3 - https:\/\/yoast.com\/product\/yoast-seo-wordpress\/ -->\n<title>OFFRES - HAMMAM AL ALBA<\/title>\n<meta name=\"robots\" content=\"noindex, nofollow\" \/>\n<meta property=\"og:locale\" content=\"fr_FR\" \/>\n<meta property=\"og:type\" content=\"article\" \/>\n<meta property=\"og:title\" content=\"OFFRES - HAMMAM AL ALBA\" \/>\n<meta property=\"og:description\" content=\"Al Alba Restaurant 20% OFFER Si vous r\u00e9servez 1 ou plusieurs nuits \u00e0 Hotel Al AlbaOu toute exp\u00e9rience au Hammam Al Alba Hammam Al Alba50% OFF Si vous r\u00e9servez une ou plusieurs nuits dansHotel Al Alba Hammam &amp; Restaurant (Asilah) Hotel Al Alba Hammam &amp; Restaurant est situ\u00e9 40 km from Tangier. In front of [&hellip;]\" \/>\n<meta property=\"og:url\" content=\"https:\/\/hammamalalba.com\/fr\/offres\/\" \/>\n<meta property=\"og:site_name\" content=\"HAMMAM AL ALBA\" \/>\n<meta property=\"article:modified_time\" content=\"2025-11-14T21:16:30+00:00\" \/>\n<meta property=\"og:image\" content=\"https:\/\/hammamalalba.com\/wp-content\/uploads\/2025\/11\/DSC02916.jpg\" \/>\n\t<meta property=\"og:image:width\" content=\"1402\" \/>\n\t<meta property=\"og:image:height\" content=\"937\" \/>\n\t<meta property=\"og:image:type\" content=\"image\/jpeg\" \/>\n<meta name=\"twitter:card\" content=\"summary_large_image\" \/>\n<meta name=\"twitter:label1\" content=\"Dur\u00e9e de lecture estim\u00e9e\" \/>\n\t<meta name=\"twitter:data1\" content=\"1 minute\" \/>\n<script type=\"application\/ld+json\" class=\"yoast-schema-graph\">{\"@context\":\"https:\\\/\\\/schema.org\",\"@graph\":[{\"@type\":\"WebPage\",\"@id\":\"https:\\\/\\\/hammamalalba.com\\\/fr\\\/offres\\\/\",\"url\":\"https:\\\/\\\/hammamalalba.com\\\/fr\\\/offres\\\/\",\"name\":\"OFFRES - HAMMAM AL ALBA\",\"isPartOf\":{\"@id\":\"https:\\\/\\\/hammamalalba.com\\\/fr\\\/#website\"},\"primaryImageOfPage\":{\"@id\":\"https:\\\/\\\/hammamalalba.com\\\/fr\\\/offres\\\/#primaryimage\"},\"image\":{\"@id\":\"https:\\\/\\\/hammamalalba.com\\\/fr\\\/offres\\\/#primaryimage\"},\"thumbnailUrl\":\"https:\\\/\\\/hammamalalba.com\\\/wp-content\\\/uploads\\\/2025\\\/11\\\/DSC02916-1024x684.jpg\",\"datePublished\":\"2024-10-22T11:11:08+00:00\",\"dateModified\":\"2025-11-14T21:16:30+00:00\",\"breadcrumb\":{\"@id\":\"https:\\\/\\\/hammamalalba.com\\\/fr\\\/offres\\\/#breadcrumb\"},\"inLanguage\":\"fr-FR\",\"potentialAction\":[{\"@type\":\"ReadAction\",\"target\":[\"https:\\\/\\\/hammamalalba.com\\\/fr\\\/offres\\\/\"]}]},{\"@type\":\"ImageObject\",\"inLanguage\":\"fr-FR\",\"@id\":\"https:\\\/\\\/hammamalalba.com\\\/fr\\\/offres\\\/#primaryimage\",\"url\":\"https:\\\/\\\/hammamalalba.com\\\/wp-content\\\/uploads\\\/2025\\\/11\\\/DSC02916-1024x684.jpg\",\"contentUrl\":\"https:\\\/\\\/hammamalalba.com\\\/wp-content\\\/uploads\\\/2025\\\/11\\\/DSC02916-1024x684.jpg\"},{\"@type\":\"BreadcrumbList\",\"@id\":\"https:\\\/\\\/hammamalalba.com\\\/fr\\\/offres\\\/#breadcrumb\",\"itemListElement\":[{\"@type\":\"ListItem\",\"position\":1,\"name\":\"Portada\",\"item\":\"https:\\\/\\\/hammamalalba.com\\\/fr\\\/\"},{\"@type\":\"ListItem\",\"position\":2,\"name\":\"OFFRES\"}]},{\"@type\":\"WebSite\",\"@id\":\"https:\\\/\\\/hammamalalba.com\\\/fr\\\/#website\",\"url\":\"https:\\\/\\\/hammamalalba.com\\\/fr\\\/\",\"name\":\"HAMMAM AL ALBA - Assilah & Tetouan\",\"description\":\"Hammam Asilah &amp; Tetouan\",\"publisher\":{\"@id\":\"https:\\\/\\\/hammamalalba.com\\\/fr\\\/#organization\"},\"alternateName\":\"HAMMAM AL ALBA\",\"potentialAction\":[{\"@type\":\"SearchAction\",\"target\":{\"@type\":\"EntryPoint\",\"urlTemplate\":\"https:\\\/\\\/hammamalalba.com\\\/fr\\\/?s={search_term_string}\"},\"query-input\":{\"@type\":\"PropertyValueSpecification\",\"valueRequired\":true,\"valueName\":\"search_term_string\"}}],\"inLanguage\":\"fr-FR\"},{\"@type\":\"Organization\",\"@id\":\"https:\\\/\\\/hammamalalba.com\\\/fr\\\/#organization\",\"name\":\"HAMMAM AL ALBA - Assilah & Tetouan\",\"url\":\"https:\\\/\\\/hammamalalba.com\\\/fr\\\/\",\"logo\":{\"@type\":\"ImageObject\",\"inLanguage\":\"fr-FR\",\"@id\":\"https:\\\/\\\/hammamalalba.com\\\/fr\\\/#\\\/schema\\\/logo\\\/image\\\/\",\"url\":\"https:\\\/\\\/hammamalalba.com\\\/wp-content\\\/uploads\\\/2024\\\/05\\\/Logo-Hammam-al-alba-1.png\",\"contentUrl\":\"https:\\\/\\\/hammamalalba.com\\\/wp-content\\\/uploads\\\/2024\\\/05\\\/Logo-Hammam-al-alba-1.png\",\"width\":243,\"height\":275,\"caption\":\"HAMMAM AL ALBA - Assilah & Tetouan\"},\"image\":{\"@id\":\"https:\\\/\\\/hammamalalba.com\\\/fr\\\/#\\\/schema\\\/logo\\\/image\\\/\"}}]}<\/script>\n<!-- \/ Yoast SEO plugin. -->","yoast_head_json":{"title":"OFFRES - HAMMAM AL ALBA","robots":{"index":"noindex","follow":"nofollow"},"og_locale":"fr_FR","og_type":"article","og_title":"OFFRES - HAMMAM AL ALBA","og_description":"Al Alba Restaurant 20% OFFER Si vous r\u00e9servez 1 ou plusieurs nuits \u00e0 Hotel Al AlbaOu toute exp\u00e9rience au Hammam Al Alba Hammam Al Alba50% OFF Si vous r\u00e9servez une ou plusieurs nuits dansHotel Al Alba Hammam &amp; Restaurant (Asilah) Hotel Al Alba Hammam &amp; Restaurant est situ\u00e9 40 km from Tangier. In front of [&hellip;]","og_url":"https:\/\/hammamalalba.com\/fr\/offres\/","og_site_name":"HAMMAM AL ALBA","article_modified_time":"2025-11-14T21:16:30+00:00","og_image":[{"width":1402,"height":937,"url":"https:\/\/hammamalalba.com\/wp-content\/uploads\/2025\/11\/DSC02916.jpg","type":"image\/jpeg"}],"twitter_card":"summary_large_image","twitter_misc":{"Dur\u00e9e de lecture estim\u00e9e":"1 minute"},"schema":{"@context":"https:\/\/schema.org","@graph":[{"@type":"WebPage","@id":"https:\/\/hammamalalba.com\/fr\/offres\/","url":"https:\/\/hammamalalba.com\/fr\/offres\/","name":"OFFRES - HAMMAM AL ALBA","isPartOf":{"@id":"https:\/\/hammamalalba.com\/fr\/#website"},"primaryImageOfPage":{"@id":"https:\/\/hammamalalba.com\/fr\/offres\/#primaryimage"},"image":{"@id":"https:\/\/hammamalalba.com\/fr\/offres\/#primaryimage"},"thumbnailUrl":"https:\/\/hammamalalba.com\/wp-content\/uploads\/2025\/11\/DSC02916-1024x684.jpg","datePublished":"2024-10-22T11:11:08+00:00","dateModified":"2025-11-14T21:16:30+00:00","breadcrumb":{"@id":"https:\/\/hammamalalba.com\/fr\/offres\/#breadcrumb"},"inLanguage":"fr-FR","potentialAction":[{"@type":"ReadAction","target":["https:\/\/hammamalalba.com\/fr\/offres\/"]}]},{"@type":"ImageObject","inLanguage":"fr-FR","@id":"https:\/\/hammamalalba.com\/fr\/offres\/#primaryimage","url":"https:\/\/hammamalalba.com\/wp-content\/uploads\/2025\/11\/DSC02916-1024x684.jpg","contentUrl":"https:\/\/hammamalalba.com\/wp-content\/uploads\/2025\/11\/DSC02916-1024x684.jpg"},{"@type":"BreadcrumbList","@id":"https:\/\/hammamalalba.com\/fr\/offres\/#breadcrumb","itemListElement":[{"@type":"ListItem","position":1,"name":"Portada","item":"https:\/\/hammamalalba.com\/fr\/"},{"@type":"ListItem","position":2,"name":"OFFRES"}]},{"@type":"WebSite","@id":"https:\/\/hammamalalba.com\/fr\/#website","url":"https:\/\/hammamalalba.com\/fr\/","name":"HAMMAM AL ALBA - Assilah & Tetouan","description":"Hammam Asilah &amp; Tetouan","publisher":{"@id":"https:\/\/hammamalalba.com\/fr\/#organization"},"alternateName":"HAMMAM AL ALBA","potentialAction":[{"@type":"SearchAction","target":{"@type":"EntryPoint","urlTemplate":"https:\/\/hammamalalba.com\/fr\/?s={search_term_string}"},"query-input":{"@type":"PropertyValueSpecification","valueRequired":true,"valueName":"search_term_string"}}],"inLanguage":"fr-FR"},{"@type":"Organization","@id":"https:\/\/hammamalalba.com\/fr\/#organization","name":"HAMMAM AL ALBA - Assilah & Tetouan","url":"https:\/\/hammamalalba.com\/fr\/","logo":{"@type":"ImageObject","inLanguage":"fr-FR","@id":"https:\/\/hammamalalba.com\/fr\/#\/schema\/logo\/image\/","url":"https:\/\/hammamalalba.com\/wp-content\/uploads\/2024\/05\/Logo-Hammam-al-alba-1.png","contentUrl":"https:\/\/hammamalalba.com\/wp-content\/uploads\/2024\/05\/Logo-Hammam-al-alba-1.png","width":243,"height":275,"caption":"HAMMAM AL ALBA - Assilah & Tetouan"},"image":{"@id":"https:\/\/hammamalalba.com\/fr\/#\/schema\/logo\/image\/"}}]}},"_links":{"self":[{"href":"https:\/\/hammamalalba.com\/fr\/wp-json\/wp\/v2\/pages\/3125","targetHints":{"allow":["GET"]}}],"collection":[{"href":"https:\/\/hammamalalba.com\/fr\/wp-json\/wp\/v2\/pages"}],"about":[{"href":"https:\/\/hammamalalba.com\/fr\/wp-json\/wp\/v2\/types\/page"}],"author":[{"embeddable":true,"href":"https:\/\/hammamalalba.com\/fr\/wp-json\/wp\/v2\/users\/1"}],"replies":[{"embeddable":true,"href":"https:\/\/hammamalalba.com\/fr\/wp-json\/wp\/v2\/comments?post=3125"}],"version-history":[{"count":23,"href":"https:\/\/hammamalalba.com\/fr\/wp-json\/wp\/v2\/pages\/3125\/revisions"}],"predecessor-version":[{"id":3784,"href":"https:\/\/hammamalalba.com\/fr\/wp-json\/wp\/v2\/pages\/3125\/revisions\/3784"}],"wp:attachment":[{"href":"https:\/\/hammamalalba.com\/fr\/wp-json\/wp\/v2\/media?parent=3125"}],"curies":[{"name":"wp","href":"https:\/\/api.w.org\/{rel}","templated":true}]}}