{"id":2088,"date":"2024-02-24T00:55:33","date_gmt":"2024-02-24T00:55:33","guid":{"rendered":"https:\/\/hammamalalba.com\/contact\/"},"modified":"2026-04-01T11:03:13","modified_gmt":"2026-04-01T11:03:13","slug":"contact","status":"publish","type":"page","link":"https:\/\/hammamalalba.com\/fr\/contact\/","title":{"rendered":"CONTACT"},"content":{"rendered":"\n<div style=\"height:58px\" aria-hidden=\"true\" class=\"wp-block-spacer\"><\/div>\n\n<h1 class=\"wp-block-heading has-text-align-center\">Des questions ? Contactez-nous. <\/h1>\n\n<div class=\"wp-block-group alignfull has-global-padding is-layout-constrained wp-container-core-group-is-layout-cb151cc7 wp-block-group-is-layout-constrained\" style=\"margin-top:0;margin-bottom:0;padding-top:0;padding-right:var(--wp--preset--spacing--50);padding-bottom:0;padding-left:var(--wp--preset--spacing--50)\">\n<div class=\"wp-block-group alignwide has-global-padding is-layout-constrained wp-container-core-group-is-layout-19e250f3 wp-block-group-is-layout-constrained\">\n<div style=\"height:100px\" aria-hidden=\"true\" class=\"wp-block-spacer\"><\/div>\n\n\n\n<div class=\"wp-block-columns alignwide is-layout-flex wp-container-core-columns-is-layout-d1c656ed wp-block-columns-is-layout-flex\">\n<div class=\"wp-block-column is-vertically-aligned-center is-layout-flow wp-block-column-is-layout-flow\" style=\"flex-basis:40%\">\n<h3 class=\"wp-block-heading is-style-asterisk\">Hammam Al Alba Tetouan<\/h3>\n\n\n\n<ul style=\"line-height:1.75\" class=\"wp-block-list is-style-checkmark-list\">\n<li>Phone \/ WhatsApp: <strong>212 764 523 678<\/strong><\/li>\n\n\n\n<li>Courrier : <strong>info@hammamalalba.com <\/strong> <\/li>\n\n\n\n<li>Lien Google Maps : <a href=\"https:\/\/maps.app.goo.gl\/KJyqzYVudqEZxSE19\" target=\"_blank\" rel=\"noreferrer noopener\">Msalla Lakdima, 43 (Devant le Th\u00e9\u00e2tre National) M\u00e9dina de T\u00e9touan<\/a><\/li>\n<\/ul>\n<\/div>\n\n\n\n<div class=\"wp-block-column is-layout-flow wp-block-column-is-layout-flow\" style=\"flex-basis:50%\">\n<figure class=\"wp-block-image size-large is-resized\"><a href=\"https:\/\/hammamalalba.com\/fr\/plano-situacion-hammam-tetuan-2\/\"><img loading=\"lazy\" decoding=\"async\" width=\"724\" height=\"1024\" src=\"https:\/\/hammamalalba.com\/wp-content\/uploads\/2024\/03\/PLANO-SITUACION-HAMMAM-TETUAN-724x1024.jpg\" alt=\"\" class=\"wp-image-472\" style=\"width:235px;height:auto\" srcset=\"https:\/\/hammamalalba.com\/wp-content\/uploads\/2024\/03\/PLANO-SITUACION-HAMMAM-TETUAN-724x1024.jpg 724w, https:\/\/hammamalalba.com\/wp-content\/uploads\/2024\/03\/PLANO-SITUACION-HAMMAM-TETUAN-212x300.jpg 212w, https:\/\/hammamalalba.com\/wp-content\/uploads\/2024\/03\/PLANO-SITUACION-HAMMAM-TETUAN-768x1086.jpg 768w, https:\/\/hammamalalba.com\/wp-content\/uploads\/2024\/03\/PLANO-SITUACION-HAMMAM-TETUAN-1086x1536.jpg 1086w, https:\/\/hammamalalba.com\/wp-content\/uploads\/2024\/03\/PLANO-SITUACION-HAMMAM-TETUAN-1448x2048.jpg 1448w, https:\/\/hammamalalba.com\/wp-content\/uploads\/2024\/03\/PLANO-SITUACION-HAMMAM-TETUAN.jpg 1654w\" sizes=\"auto, (max-width: 724px) 100vw, 724px\" \/><\/a><\/figure>\n<\/div>\n<\/div>\n\n\n\n<div style=\"height:var(--wp--preset--spacing--40)\" aria-hidden=\"true\" class=\"wp-block-spacer\"><\/div>\n\n\n\n<div class=\"wp-block-columns alignwide is-layout-flex wp-container-core-columns-is-layout-d1c656ed wp-block-columns-is-layout-flex\">\n<div class=\"wp-block-column is-layout-flow wp-block-column-is-layout-flow\" style=\"flex-basis:50%\">\n<figure class=\"wp-block-image size-full\"><a href=\"https:\/\/hammamalalba.com\/wp-content\/uploads\/2024\/02\/hammam-medina-situacion-2.jpg\"><img loading=\"lazy\" decoding=\"async\" width=\"400\" height=\"212\" src=\"https:\/\/hammamalalba.com\/wp-content\/uploads\/2024\/02\/hammam-medina-situacion-2.jpg\" alt=\"\" class=\"wp-image-166\" srcset=\"https:\/\/hammamalalba.com\/wp-content\/uploads\/2024\/02\/hammam-medina-situacion-2.jpg 400w, https:\/\/hammamalalba.com\/wp-content\/uploads\/2024\/02\/hammam-medina-situacion-2-300x159.jpg 300w\" sizes=\"auto, (max-width: 400px) 100vw, 400px\" \/><\/a><\/figure>\n<\/div>\n\n\n\n<div class=\"wp-block-column is-vertically-aligned-center is-layout-flow wp-block-column-is-layout-flow\" style=\"flex-basis:40%\">\n<h3 class=\"wp-block-heading is-style-asterisk\">Hammam Al Alba Asilah<\/h3>\n\n\n\n<ul style=\"line-height:1.75\" class=\"wp-block-list is-style-checkmark-list\">\n<li>Phone \/ WhatsApp: <strong><strong>212 764 523 678<\/strong><\/strong><\/li>\n\n\n\n<li>Courrier : <strong><strong>info@hammamalalba.com <\/strong><\/strong> <\/li>\n\n\n\n<li>Lien Google Maps : <br\/><a href=\"https:\/\/www.google.com\/maps\/place\/\/data=!4m2!3m1!1s0xd0b95081e15a949:0x8ac52621bd8d9142?sa=X&amp;ved=2ahUKEwjjk-is-8KEAxW2gP0HHcjvBQMQ4kB6BAgOEAA\" target=\"_blank\" rel=\"noreferrer noopener\">Rue Liverweve, 14, Asilah<\/a><\/li>\n<\/ul>\n<\/div>\n<\/div>\n<\/div>\n<\/div>\n\n<div style=\"height:81px\" aria-hidden=\"true\" class=\"wp-block-spacer\"><\/div>\n","protected":false},"excerpt":{"rendered":"<p>Des questions ? Contactez-nous. Hammam Al Alba Tetouan Hammam Al Alba Asilah<\/p>\n","protected":false},"author":1,"featured_media":0,"parent":0,"menu_order":0,"comment_status":"closed","ping_status":"closed","template":"page-no-title","meta":{"footnotes":""},"class_list":["post-2088","page","type-page","status-publish","hentry"],"yoast_head":"<!-- This site is optimized with the Yoast SEO plugin v27.3 - https:\/\/yoast.com\/product\/yoast-seo-wordpress\/ -->\n<title>CONTACT - HAMMAM AL ALBA<\/title>\n<meta name=\"description\" content=\"Hammam Al Alba TetouanNum\u00e9ro de t\u00e9l\u00e9phone : 00212 613 429 190. Msalla Lakdima, 43 (devant le th\u00e9\u00e2tre national) M\u00e9dina de T\u00e9touan\" \/>\n<meta name=\"robots\" content=\"index, follow, max-snippet:-1, max-image-preview:large, max-video-preview:-1\" \/>\n<link rel=\"canonical\" href=\"https:\/\/hammamalalba.com\/fr\/contact\/\" \/>\n<meta property=\"og:locale\" content=\"fr_FR\" \/>\n<meta property=\"og:type\" content=\"article\" \/>\n<meta property=\"og:title\" content=\"CONTACT - HAMMAM AL ALBA\" \/>\n<meta property=\"og:description\" content=\"Hammam Al Alba TetouanNum\u00e9ro de t\u00e9l\u00e9phone : 00212 613 429 190. Msalla Lakdima, 43 (devant le th\u00e9\u00e2tre national) M\u00e9dina de T\u00e9touan\" \/>\n<meta property=\"og:url\" content=\"https:\/\/hammamalalba.com\/fr\/contact\/\" \/>\n<meta property=\"og:site_name\" content=\"HAMMAM AL ALBA\" \/>\n<meta property=\"article:modified_time\" content=\"2026-04-01T11:03:13+00:00\" \/>\n<meta property=\"og:image\" content=\"https:\/\/hammamalalba.com\/wp-content\/uploads\/2024\/03\/PLANO-SITUACION-HAMMAM-TETUAN.jpg\" \/>\n\t<meta property=\"og:image:width\" content=\"1654\" \/>\n\t<meta property=\"og:image:height\" content=\"2339\" \/>\n\t<meta property=\"og:image:type\" content=\"image\/jpeg\" \/>\n<meta name=\"twitter:card\" content=\"summary_large_image\" \/>\n<meta name=\"twitter:label1\" content=\"Dur\u00e9e de lecture estim\u00e9e\" \/>\n\t<meta name=\"twitter:data1\" content=\"1 minute\" \/>\n<script type=\"application\/ld+json\" class=\"yoast-schema-graph\">{\"@context\":\"https:\\\/\\\/schema.org\",\"@graph\":[{\"@type\":\"WebPage\",\"@id\":\"https:\\\/\\\/hammamalalba.com\\\/fr\\\/contact\\\/\",\"url\":\"https:\\\/\\\/hammamalalba.com\\\/fr\\\/contact\\\/\",\"name\":\"CONTACT - HAMMAM AL ALBA\",\"isPartOf\":{\"@id\":\"https:\\\/\\\/hammamalalba.com\\\/fr\\\/#website\"},\"primaryImageOfPage\":{\"@id\":\"https:\\\/\\\/hammamalalba.com\\\/fr\\\/contact\\\/#primaryimage\"},\"image\":{\"@id\":\"https:\\\/\\\/hammamalalba.com\\\/fr\\\/contact\\\/#primaryimage\"},\"thumbnailUrl\":\"https:\\\/\\\/hammamalalba.com\\\/wp-content\\\/uploads\\\/2024\\\/03\\\/PLANO-SITUACION-HAMMAM-TETUAN-724x1024.jpg\",\"datePublished\":\"2024-02-24T00:55:33+00:00\",\"dateModified\":\"2026-04-01T11:03:13+00:00\",\"description\":\"Hammam Al Alba TetouanNum\u00e9ro de t\u00e9l\u00e9phone : 00212 613 429 190. Msalla Lakdima, 43 (devant le th\u00e9\u00e2tre national) M\u00e9dina de T\u00e9touan\",\"breadcrumb\":{\"@id\":\"https:\\\/\\\/hammamalalba.com\\\/fr\\\/contact\\\/#breadcrumb\"},\"inLanguage\":\"fr-FR\",\"potentialAction\":[{\"@type\":\"ReadAction\",\"target\":[\"https:\\\/\\\/hammamalalba.com\\\/fr\\\/contact\\\/\"]}]},{\"@type\":\"ImageObject\",\"inLanguage\":\"fr-FR\",\"@id\":\"https:\\\/\\\/hammamalalba.com\\\/fr\\\/contact\\\/#primaryimage\",\"url\":\"https:\\\/\\\/hammamalalba.com\\\/wp-content\\\/uploads\\\/2024\\\/03\\\/PLANO-SITUACION-HAMMAM-TETUAN-724x1024.jpg\",\"contentUrl\":\"https:\\\/\\\/hammamalalba.com\\\/wp-content\\\/uploads\\\/2024\\\/03\\\/PLANO-SITUACION-HAMMAM-TETUAN-724x1024.jpg\"},{\"@type\":\"BreadcrumbList\",\"@id\":\"https:\\\/\\\/hammamalalba.com\\\/fr\\\/contact\\\/#breadcrumb\",\"itemListElement\":[{\"@type\":\"ListItem\",\"position\":1,\"name\":\"Portada\",\"item\":\"https:\\\/\\\/hammamalalba.com\\\/fr\\\/\"},{\"@type\":\"ListItem\",\"position\":2,\"name\":\"CONTACT\"}]},{\"@type\":\"WebSite\",\"@id\":\"https:\\\/\\\/hammamalalba.com\\\/fr\\\/#website\",\"url\":\"https:\\\/\\\/hammamalalba.com\\\/fr\\\/\",\"name\":\"HAMMAM AL ALBA - Assilah & Tetouan\",\"description\":\"Hammam Asilah &amp; Tetouan\",\"publisher\":{\"@id\":\"https:\\\/\\\/hammamalalba.com\\\/fr\\\/#organization\"},\"alternateName\":\"HAMMAM AL ALBA\",\"potentialAction\":[{\"@type\":\"SearchAction\",\"target\":{\"@type\":\"EntryPoint\",\"urlTemplate\":\"https:\\\/\\\/hammamalalba.com\\\/fr\\\/?s={search_term_string}\"},\"query-input\":{\"@type\":\"PropertyValueSpecification\",\"valueRequired\":true,\"valueName\":\"search_term_string\"}}],\"inLanguage\":\"fr-FR\"},{\"@type\":\"Organization\",\"@id\":\"https:\\\/\\\/hammamalalba.com\\\/fr\\\/#organization\",\"name\":\"HAMMAM AL ALBA - Assilah & Tetouan\",\"url\":\"https:\\\/\\\/hammamalalba.com\\\/fr\\\/\",\"logo\":{\"@type\":\"ImageObject\",\"inLanguage\":\"fr-FR\",\"@id\":\"https:\\\/\\\/hammamalalba.com\\\/fr\\\/#\\\/schema\\\/logo\\\/image\\\/\",\"url\":\"https:\\\/\\\/hammamalalba.com\\\/wp-content\\\/uploads\\\/2024\\\/05\\\/Logo-Hammam-al-alba-1.png\",\"contentUrl\":\"https:\\\/\\\/hammamalalba.com\\\/wp-content\\\/uploads\\\/2024\\\/05\\\/Logo-Hammam-al-alba-1.png\",\"width\":243,\"height\":275,\"caption\":\"HAMMAM AL ALBA - Assilah & Tetouan\"},\"image\":{\"@id\":\"https:\\\/\\\/hammamalalba.com\\\/fr\\\/#\\\/schema\\\/logo\\\/image\\\/\"}}]}<\/script>\n<!-- \/ Yoast SEO plugin. -->","yoast_head_json":{"title":"CONTACT - HAMMAM AL ALBA","description":"Hammam Al Alba TetouanNum\u00e9ro de t\u00e9l\u00e9phone : 00212 613 429 190. Msalla Lakdima, 43 (devant le th\u00e9\u00e2tre national) M\u00e9dina de T\u00e9touan","robots":{"index":"index","follow":"follow","max-snippet":"max-snippet:-1","max-image-preview":"max-image-preview:large","max-video-preview":"max-video-preview:-1"},"canonical":"https:\/\/hammamalalba.com\/fr\/contact\/","og_locale":"fr_FR","og_type":"article","og_title":"CONTACT - HAMMAM AL ALBA","og_description":"Hammam Al Alba TetouanNum\u00e9ro de t\u00e9l\u00e9phone : 00212 613 429 190. Msalla Lakdima, 43 (devant le th\u00e9\u00e2tre national) M\u00e9dina de T\u00e9touan","og_url":"https:\/\/hammamalalba.com\/fr\/contact\/","og_site_name":"HAMMAM AL ALBA","article_modified_time":"2026-04-01T11:03:13+00:00","og_image":[{"width":1654,"height":2339,"url":"https:\/\/hammamalalba.com\/wp-content\/uploads\/2024\/03\/PLANO-SITUACION-HAMMAM-TETUAN.jpg","type":"image\/jpeg"}],"twitter_card":"summary_large_image","twitter_misc":{"Dur\u00e9e de lecture estim\u00e9e":"1 minute"},"schema":{"@context":"https:\/\/schema.org","@graph":[{"@type":"WebPage","@id":"https:\/\/hammamalalba.com\/fr\/contact\/","url":"https:\/\/hammamalalba.com\/fr\/contact\/","name":"CONTACT - HAMMAM AL ALBA","isPartOf":{"@id":"https:\/\/hammamalalba.com\/fr\/#website"},"primaryImageOfPage":{"@id":"https:\/\/hammamalalba.com\/fr\/contact\/#primaryimage"},"image":{"@id":"https:\/\/hammamalalba.com\/fr\/contact\/#primaryimage"},"thumbnailUrl":"https:\/\/hammamalalba.com\/wp-content\/uploads\/2024\/03\/PLANO-SITUACION-HAMMAM-TETUAN-724x1024.jpg","datePublished":"2024-02-24T00:55:33+00:00","dateModified":"2026-04-01T11:03:13+00:00","description":"Hammam Al Alba TetouanNum\u00e9ro de t\u00e9l\u00e9phone : 00212 613 429 190. Msalla Lakdima, 43 (devant le th\u00e9\u00e2tre national) M\u00e9dina de T\u00e9touan","breadcrumb":{"@id":"https:\/\/hammamalalba.com\/fr\/contact\/#breadcrumb"},"inLanguage":"fr-FR","potentialAction":[{"@type":"ReadAction","target":["https:\/\/hammamalalba.com\/fr\/contact\/"]}]},{"@type":"ImageObject","inLanguage":"fr-FR","@id":"https:\/\/hammamalalba.com\/fr\/contact\/#primaryimage","url":"https:\/\/hammamalalba.com\/wp-content\/uploads\/2024\/03\/PLANO-SITUACION-HAMMAM-TETUAN-724x1024.jpg","contentUrl":"https:\/\/hammamalalba.com\/wp-content\/uploads\/2024\/03\/PLANO-SITUACION-HAMMAM-TETUAN-724x1024.jpg"},{"@type":"BreadcrumbList","@id":"https:\/\/hammamalalba.com\/fr\/contact\/#breadcrumb","itemListElement":[{"@type":"ListItem","position":1,"name":"Portada","item":"https:\/\/hammamalalba.com\/fr\/"},{"@type":"ListItem","position":2,"name":"CONTACT"}]},{"@type":"WebSite","@id":"https:\/\/hammamalalba.com\/fr\/#website","url":"https:\/\/hammamalalba.com\/fr\/","name":"HAMMAM AL ALBA - Assilah & Tetouan","description":"Hammam Asilah &amp; Tetouan","publisher":{"@id":"https:\/\/hammamalalba.com\/fr\/#organization"},"alternateName":"HAMMAM AL ALBA","potentialAction":[{"@type":"SearchAction","target":{"@type":"EntryPoint","urlTemplate":"https:\/\/hammamalalba.com\/fr\/?s={search_term_string}"},"query-input":{"@type":"PropertyValueSpecification","valueRequired":true,"valueName":"search_term_string"}}],"inLanguage":"fr-FR"},{"@type":"Organization","@id":"https:\/\/hammamalalba.com\/fr\/#organization","name":"HAMMAM AL ALBA - Assilah & Tetouan","url":"https:\/\/hammamalalba.com\/fr\/","logo":{"@type":"ImageObject","inLanguage":"fr-FR","@id":"https:\/\/hammamalalba.com\/fr\/#\/schema\/logo\/image\/","url":"https:\/\/hammamalalba.com\/wp-content\/uploads\/2024\/05\/Logo-Hammam-al-alba-1.png","contentUrl":"https:\/\/hammamalalba.com\/wp-content\/uploads\/2024\/05\/Logo-Hammam-al-alba-1.png","width":243,"height":275,"caption":"HAMMAM AL ALBA - Assilah & Tetouan"},"image":{"@id":"https:\/\/hammamalalba.com\/fr\/#\/schema\/logo\/image\/"}}]}},"_links":{"self":[{"href":"https:\/\/hammamalalba.com\/fr\/wp-json\/wp\/v2\/pages\/2088","targetHints":{"allow":["GET"]}}],"collection":[{"href":"https:\/\/hammamalalba.com\/fr\/wp-json\/wp\/v2\/pages"}],"about":[{"href":"https:\/\/hammamalalba.com\/fr\/wp-json\/wp\/v2\/types\/page"}],"author":[{"embeddable":true,"href":"https:\/\/hammamalalba.com\/fr\/wp-json\/wp\/v2\/users\/1"}],"replies":[{"embeddable":true,"href":"https:\/\/hammamalalba.com\/fr\/wp-json\/wp\/v2\/comments?post=2088"}],"version-history":[{"count":12,"href":"https:\/\/hammamalalba.com\/fr\/wp-json\/wp\/v2\/pages\/2088\/revisions"}],"predecessor-version":[{"id":4346,"href":"https:\/\/hammamalalba.com\/fr\/wp-json\/wp\/v2\/pages\/2088\/revisions\/4346"}],"wp:attachment":[{"href":"https:\/\/hammamalalba.com\/fr\/wp-json\/wp\/v2\/media?parent=2088"}],"curies":[{"name":"wp","href":"https:\/\/api.w.org\/{rel}","templated":true}]}}