{"id":3123,"date":"2024-10-22T11:11:08","date_gmt":"2024-10-22T11:11:08","guid":{"rendered":"https:\/\/hammamalalba.com\/ofertas\/"},"modified":"2025-11-14T19:01:06","modified_gmt":"2025-11-14T19:01:06","slug":"ofertas","status":"publish","type":"page","link":"https:\/\/hammamalalba.com\/es\/ofertas\/","title":{"rendered":"OFERTAS"},"content":{"rendered":"\n<h2 class=\"wp-block-heading has-text-align-center\">Restaurante Al Alba<br\/>2<em>0% DESCUENTO<\/em><\/h2>\n\n<p class=\"has-text-align-center\"><em><strong>Si reservas 1 o m\u00e1s noches en<\/strong><\/em><strong> <em>Hotel Al Alba<\/em><\/strong><br\/><strong><em>O cualquier experiencia en Hammam Al Alba<\/em><\/strong><\/p>\n\n<div class=\"wp-block-columns is-layout-flex wp-container-core-columns-is-layout-28f84493 wp-block-columns-is-layout-flex\">\n<div class=\"wp-block-column is-layout-flow wp-block-column-is-layout-flow\">\n<figure class=\"wp-block-image size-large\"><img loading=\"lazy\" decoding=\"async\" width=\"1024\" height=\"684\" src=\"https:\/\/hammamalalba.com\/wp-content\/uploads\/2025\/11\/DSC02916-1024x684.jpg\" alt=\"\" class=\"wp-image-3726\" srcset=\"https:\/\/hammamalalba.com\/wp-content\/uploads\/2025\/11\/DSC02916-1024x684.jpg 1024w, https:\/\/hammamalalba.com\/wp-content\/uploads\/2025\/11\/DSC02916-300x200.jpg 300w, https:\/\/hammamalalba.com\/wp-content\/uploads\/2025\/11\/DSC02916-768x513.jpg 768w, https:\/\/hammamalalba.com\/wp-content\/uploads\/2025\/11\/DSC02916.jpg 1402w\" sizes=\"auto, (max-width: 1024px) 100vw, 1024px\" \/><\/figure>\n<\/div>\n\n\n\n<div class=\"wp-block-column is-layout-flow wp-block-column-is-layout-flow\">\n<figure class=\"wp-block-image size-large\"><img loading=\"lazy\" decoding=\"async\" width=\"1024\" height=\"684\" src=\"https:\/\/hammamalalba.com\/wp-content\/uploads\/2025\/11\/DSC02887-1024x684.jpg\" alt=\"\" class=\"wp-image-3720\" srcset=\"https:\/\/hammamalalba.com\/wp-content\/uploads\/2025\/11\/DSC02887-1024x684.jpg 1024w, https:\/\/hammamalalba.com\/wp-content\/uploads\/2025\/11\/DSC02887-300x200.jpg 300w, https:\/\/hammamalalba.com\/wp-content\/uploads\/2025\/11\/DSC02887-768x513.jpg 768w, https:\/\/hammamalalba.com\/wp-content\/uploads\/2025\/11\/DSC02887-1536x1027.jpg 1536w, https:\/\/hammamalalba.com\/wp-content\/uploads\/2025\/11\/DSC02887.jpg 1616w\" sizes=\"auto, (max-width: 1024px) 100vw, 1024px\" \/><\/figure>\n<\/div>\n\n\n\n<div class=\"wp-block-column is-layout-flow wp-block-column-is-layout-flow\">\n<figure class=\"wp-block-image size-full\"><img loading=\"lazy\" decoding=\"async\" width=\"1024\" height=\"683\" src=\"https:\/\/hammamalalba.com\/wp-content\/uploads\/2025\/11\/IMG_9184.jpg\" alt=\"\" class=\"wp-image-3729\" srcset=\"https:\/\/hammamalalba.com\/wp-content\/uploads\/2025\/11\/IMG_9184.jpg 1024w, https:\/\/hammamalalba.com\/wp-content\/uploads\/2025\/11\/IMG_9184-300x200.jpg 300w, https:\/\/hammamalalba.com\/wp-content\/uploads\/2025\/11\/IMG_9184-768x512.jpg 768w\" sizes=\"auto, (max-width: 1024px) 100vw, 1024px\" \/><\/figure>\n<\/div>\n<\/div>\n\n<div style=\"height:38px\" aria-hidden=\"true\" class=\"wp-block-spacer\"><\/div>\n\n<div class=\"wp-block-buttons alignwide is-content-justification-center is-layout-flex wp-container-core-buttons-is-layout-a89b3969 wp-block-buttons-is-layout-flex\">\n<div class=\"wp-block-button\"><a class=\"wp-block-button__link has-background has-text-align-center wp-element-button\" href=\"https:\/\/hotelalalba.com\/restaurante\/\" style=\"background-color:#28d3d9\" target=\"_blank\" rel=\"noreferrer noopener\"><strong>Al Alba Restaurant: Fusi\u00f3n de Tradici\u00f3n y Creatividad<\/strong><br\/>Mejor valorado en Asilah<br\/>VER M\u00c1S<\/a><\/div>\n<\/div>\n\n<div style=\"height:38px\" aria-hidden=\"true\" class=\"wp-block-spacer\"><\/div>\n\n<h2 class=\"wp-block-heading has-text-align-center\"><em>Hammam Al Alba<\/em><br\/><em>50% DESCUENTO<\/em><\/h2>\n\n<h4 class=\"wp-block-heading has-text-align-center\"><em><strong>Si reservas una o m\u00e1s noches en<\/strong><\/em><br\/><em><strong><a href=\"https:\/\/hotelalalba.com\/en\/\">Hotel Al Alba Hammam &amp; Restaurant<\/a><\/strong><\/em> <em><strong>(Asilah<\/strong>)<\/em><\/h4>\n\n<figure class=\"wp-block-image aligncenter size-full is-resized\"><img loading=\"lazy\" decoding=\"async\" width=\"1024\" height=\"680\" src=\"https:\/\/hammamalalba.com\/wp-content\/uploads\/2024\/10\/14476728.jpg\" alt=\"\" class=\"wp-image-3101\" style=\"width:448px;height:auto\" srcset=\"https:\/\/hammamalalba.com\/wp-content\/uploads\/2024\/10\/14476728.jpg 1024w, https:\/\/hammamalalba.com\/wp-content\/uploads\/2024\/10\/14476728-300x199.jpg 300w, https:\/\/hammamalalba.com\/wp-content\/uploads\/2024\/10\/14476728-768x510.jpg 768w\" sizes=\"auto, (max-width: 1024px) 100vw, 1024px\" \/><\/figure>\n\n<div style=\"height:22px\" aria-hidden=\"true\" class=\"wp-block-spacer\"><\/div>\n\n<div class=\"wp-block-buttons alignwide is-content-justification-center is-layout-flex wp-container-core-buttons-is-layout-a89b3969 wp-block-buttons-is-layout-flex\">\n<div class=\"wp-block-button\"><a class=\"wp-block-button__link has-background has-text-align-center wp-element-button\" href=\"https:\/\/hotelalalba.com\/\" style=\"background-color:#28d3d9\" target=\"_blank\" rel=\"noreferrer noopener\">RESERVA AHORA TU ESTANCIA EN HOTEL AL ALBA HAMMAM &amp; RESTAURANT<br\/>AHORRA UN 50% EN SERVICIOS DE HAMMAM<\/a><\/div>\n<\/div>\n\n<div style=\"height:43px\" aria-hidden=\"true\" class=\"wp-block-spacer\"><\/div>\n\n<p><strong>Hotel Al Alba Hammam &amp; Restaurant<\/strong> est\u00e1 localizado a solo <strong>40 km from Tangier<\/strong>. <strong>Frente a la playa de Asilah<\/strong>, f\u00e1cil ubicaci\u00f3n y acceso. Dise\u00f1ado para sentirte como en casa con sutiles toques \u00e1rabes, en colores blanco y azul. Ofrece una amplia zona com\u00fan, compuesta por sala de estar (TV), sala de negocios con informaci\u00f3n tur\u00edstica, hammam-spa (tradicional marroqu\u00ed), sal\u00f3n de t\u00e9 y restaurante de comida tradicional marroqu\u00ed. Dispone de 12 habitaciones con ba\u00f1o, exteriores y climatizadas. Wifi y parking gratuito junto al hotel con videovigilancia 24h.    <\/p>\n\n<div style=\"height:43px\" aria-hidden=\"true\" class=\"wp-block-spacer\"><\/div>\n\n<div class=\"wp-block-columns is-layout-flex wp-container-core-columns-is-layout-28f84493 wp-block-columns-is-layout-flex\">\n<div class=\"wp-block-column is-layout-flow wp-block-column-is-layout-flow\">\n<figure class=\"wp-block-image size-large\"><img loading=\"lazy\" decoding=\"async\" width=\"1024\" height=\"680\" src=\"https:\/\/hammamalalba.com\/wp-content\/uploads\/2024\/10\/37430780-1024x680.jpg\" alt=\"\" class=\"wp-image-3089\" srcset=\"https:\/\/hammamalalba.com\/wp-content\/uploads\/2024\/10\/37430780-1024x680.jpg 1024w, https:\/\/hammamalalba.com\/wp-content\/uploads\/2024\/10\/37430780-300x199.jpg 300w, https:\/\/hammamalalba.com\/wp-content\/uploads\/2024\/10\/37430780-768x510.jpg 768w, https:\/\/hammamalalba.com\/wp-content\/uploads\/2024\/10\/37430780.jpg 1280w\" sizes=\"auto, (max-width: 1024px) 100vw, 1024px\" \/><\/figure>\n<\/div>\n\n\n\n<div class=\"wp-block-column is-layout-flow wp-block-column-is-layout-flow\">\n<figure class=\"wp-block-image size-large\"><img loading=\"lazy\" decoding=\"async\" width=\"1024\" height=\"680\" src=\"https:\/\/hammamalalba.com\/wp-content\/uploads\/2024\/10\/14475478-1024x680.jpg\" alt=\"\" class=\"wp-image-3092\" srcset=\"https:\/\/hammamalalba.com\/wp-content\/uploads\/2024\/10\/14475478-1024x680.jpg 1024w, https:\/\/hammamalalba.com\/wp-content\/uploads\/2024\/10\/14475478-300x199.jpg 300w, https:\/\/hammamalalba.com\/wp-content\/uploads\/2024\/10\/14475478-768x510.jpg 768w, https:\/\/hammamalalba.com\/wp-content\/uploads\/2024\/10\/14475478.jpg 1280w\" sizes=\"auto, (max-width: 1024px) 100vw, 1024px\" \/><\/figure>\n<\/div>\n\n\n\n<div class=\"wp-block-column is-layout-flow wp-block-column-is-layout-flow\">\n<figure class=\"wp-block-image size-large\"><img loading=\"lazy\" decoding=\"async\" width=\"1024\" height=\"680\" src=\"https:\/\/hammamalalba.com\/wp-content\/uploads\/2024\/10\/14467300-1024x680.jpg\" alt=\"\" class=\"wp-image-3095\" srcset=\"https:\/\/hammamalalba.com\/wp-content\/uploads\/2024\/10\/14467300-1024x680.jpg 1024w, https:\/\/hammamalalba.com\/wp-content\/uploads\/2024\/10\/14467300-300x199.jpg 300w, https:\/\/hammamalalba.com\/wp-content\/uploads\/2024\/10\/14467300-768x510.jpg 768w, https:\/\/hammamalalba.com\/wp-content\/uploads\/2024\/10\/14467300.jpg 1280w\" sizes=\"auto, (max-width: 1024px) 100vw, 1024px\" \/><\/figure>\n<\/div>\n<\/div>\n\n<div class=\"wp-block-columns is-layout-flex wp-container-core-columns-is-layout-28f84493 wp-block-columns-is-layout-flex\">\n<div class=\"wp-block-column is-layout-flow wp-block-column-is-layout-flow\">\n<figure class=\"wp-block-image size-full\"><img loading=\"lazy\" decoding=\"async\" width=\"1024\" height=\"680\" src=\"https:\/\/hammamalalba.com\/wp-content\/uploads\/2024\/10\/14452549.jpg\" alt=\"\" class=\"wp-image-3098\" srcset=\"https:\/\/hammamalalba.com\/wp-content\/uploads\/2024\/10\/14452549.jpg 1024w, https:\/\/hammamalalba.com\/wp-content\/uploads\/2024\/10\/14452549-300x199.jpg 300w, https:\/\/hammamalalba.com\/wp-content\/uploads\/2024\/10\/14452549-768x510.jpg 768w\" sizes=\"auto, (max-width: 1024px) 100vw, 1024px\" \/><\/figure>\n<\/div>\n\n\n\n<div class=\"wp-block-column is-layout-flow wp-block-column-is-layout-flow\">\n<figure class=\"wp-block-image size-full\"><img loading=\"lazy\" decoding=\"async\" width=\"1024\" height=\"680\" src=\"https:\/\/hammamalalba.com\/wp-content\/uploads\/2024\/10\/14476728.jpg\" alt=\"\" class=\"wp-image-3101\" srcset=\"https:\/\/hammamalalba.com\/wp-content\/uploads\/2024\/10\/14476728.jpg 1024w, https:\/\/hammamalalba.com\/wp-content\/uploads\/2024\/10\/14476728-300x199.jpg 300w, https:\/\/hammamalalba.com\/wp-content\/uploads\/2024\/10\/14476728-768x510.jpg 768w\" sizes=\"auto, (max-width: 1024px) 100vw, 1024px\" \/><\/figure>\n<\/div>\n\n\n\n<div class=\"wp-block-column is-layout-flow wp-block-column-is-layout-flow\">\n<figure class=\"wp-block-image size-full\"><img loading=\"lazy\" decoding=\"async\" width=\"1024\" height=\"680\" src=\"https:\/\/hammamalalba.com\/wp-content\/uploads\/2024\/10\/14452070.jpg\" alt=\"\" class=\"wp-image-3104\" srcset=\"https:\/\/hammamalalba.com\/wp-content\/uploads\/2024\/10\/14452070.jpg 1024w, https:\/\/hammamalalba.com\/wp-content\/uploads\/2024\/10\/14452070-300x199.jpg 300w, https:\/\/hammamalalba.com\/wp-content\/uploads\/2024\/10\/14452070-768x510.jpg 768w\" sizes=\"auto, (max-width: 1024px) 100vw, 1024px\" \/><\/figure>\n<\/div>\n<\/div>\n\n<div style=\"height:49px\" aria-hidden=\"true\" class=\"wp-block-spacer\"><\/div>\n\n<p><\/p>\n","protected":false},"excerpt":{"rendered":"<p>Restaurante Al Alba20% DESCUENTO Si reservas 1 o m\u00e1s noches en Hotel Al AlbaO cualquier experiencia en Hammam Al Alba Hammam Al Alba50% DESCUENTO Si reservas una o m\u00e1s noches enHotel Al Alba Hammam &amp; Restaurant (Asilah) Hotel Al Alba Hammam &amp; Restaurant est\u00e1 localizado a solo 40 km from Tangier. Frente a la playa [&hellip;]<\/p>\n","protected":false},"author":1,"featured_media":0,"parent":0,"menu_order":0,"comment_status":"closed","ping_status":"closed","template":"","meta":{"footnotes":""},"class_list":["post-3123","page","type-page","status-publish","hentry"],"yoast_head":"<!-- This site is optimized with the Yoast SEO plugin v27.3 - https:\/\/yoast.com\/product\/yoast-seo-wordpress\/ -->\n<title>OFERTAS - HAMMAM AL ALBA<\/title>\n<meta name=\"robots\" content=\"noindex, nofollow\" \/>\n<meta property=\"og:locale\" content=\"es_ES\" \/>\n<meta property=\"og:type\" content=\"article\" \/>\n<meta property=\"og:title\" content=\"OFERTAS - HAMMAM AL ALBA\" \/>\n<meta property=\"og:description\" content=\"Restaurante Al Alba20% DESCUENTO Si reservas 1 o m\u00e1s noches en Hotel Al AlbaO cualquier experiencia en Hammam Al Alba Hammam Al Alba50% DESCUENTO Si reservas una o m\u00e1s noches enHotel Al Alba Hammam &amp; Restaurant (Asilah) Hotel Al Alba Hammam &amp; Restaurant est\u00e1 localizado a solo 40 km from Tangier. Frente a la playa [&hellip;]\" \/>\n<meta property=\"og:url\" content=\"https:\/\/hammamalalba.com\/es\/ofertas\/\" \/>\n<meta property=\"og:site_name\" content=\"HAMMAM AL ALBA\" \/>\n<meta property=\"article:modified_time\" content=\"2025-11-14T19:01:06+00:00\" \/>\n<meta property=\"og:image\" content=\"https:\/\/hammamalalba.com\/wp-content\/uploads\/2025\/11\/DSC02916.jpg\" \/>\n\t<meta property=\"og:image:width\" content=\"1402\" \/>\n\t<meta property=\"og:image:height\" content=\"937\" \/>\n\t<meta property=\"og:image:type\" content=\"image\/jpeg\" \/>\n<meta name=\"twitter:card\" content=\"summary_large_image\" \/>\n<meta name=\"twitter:label1\" content=\"Tiempo de lectura\" \/>\n\t<meta name=\"twitter:data1\" content=\"1 minuto\" \/>\n<script type=\"application\/ld+json\" class=\"yoast-schema-graph\">{\"@context\":\"https:\\\/\\\/schema.org\",\"@graph\":[{\"@type\":\"WebPage\",\"@id\":\"https:\\\/\\\/hammamalalba.com\\\/es\\\/ofertas\\\/\",\"url\":\"https:\\\/\\\/hammamalalba.com\\\/es\\\/ofertas\\\/\",\"name\":\"OFERTAS - HAMMAM AL ALBA\",\"isPartOf\":{\"@id\":\"https:\\\/\\\/hammamalalba.com\\\/es\\\/#website\"},\"primaryImageOfPage\":{\"@id\":\"https:\\\/\\\/hammamalalba.com\\\/es\\\/ofertas\\\/#primaryimage\"},\"image\":{\"@id\":\"https:\\\/\\\/hammamalalba.com\\\/es\\\/ofertas\\\/#primaryimage\"},\"thumbnailUrl\":\"https:\\\/\\\/hammamalalba.com\\\/wp-content\\\/uploads\\\/2025\\\/11\\\/DSC02916-1024x684.jpg\",\"datePublished\":\"2024-10-22T11:11:08+00:00\",\"dateModified\":\"2025-11-14T19:01:06+00:00\",\"breadcrumb\":{\"@id\":\"https:\\\/\\\/hammamalalba.com\\\/es\\\/ofertas\\\/#breadcrumb\"},\"inLanguage\":\"es\",\"potentialAction\":[{\"@type\":\"ReadAction\",\"target\":[\"https:\\\/\\\/hammamalalba.com\\\/es\\\/ofertas\\\/\"]}]},{\"@type\":\"ImageObject\",\"inLanguage\":\"es\",\"@id\":\"https:\\\/\\\/hammamalalba.com\\\/es\\\/ofertas\\\/#primaryimage\",\"url\":\"https:\\\/\\\/hammamalalba.com\\\/wp-content\\\/uploads\\\/2025\\\/11\\\/DSC02916-1024x684.jpg\",\"contentUrl\":\"https:\\\/\\\/hammamalalba.com\\\/wp-content\\\/uploads\\\/2025\\\/11\\\/DSC02916-1024x684.jpg\"},{\"@type\":\"BreadcrumbList\",\"@id\":\"https:\\\/\\\/hammamalalba.com\\\/es\\\/ofertas\\\/#breadcrumb\",\"itemListElement\":[{\"@type\":\"ListItem\",\"position\":1,\"name\":\"Portada\",\"item\":\"https:\\\/\\\/hammamalalba.com\\\/es\\\/\"},{\"@type\":\"ListItem\",\"position\":2,\"name\":\"OFERTAS\"}]},{\"@type\":\"WebSite\",\"@id\":\"https:\\\/\\\/hammamalalba.com\\\/es\\\/#website\",\"url\":\"https:\\\/\\\/hammamalalba.com\\\/es\\\/\",\"name\":\"HAMMAM AL ALBA - Assilah & Tetouan\",\"description\":\"Hammam Asilah &amp; Tetouan\",\"publisher\":{\"@id\":\"https:\\\/\\\/hammamalalba.com\\\/es\\\/#organization\"},\"alternateName\":\"HAMMAM AL ALBA\",\"potentialAction\":[{\"@type\":\"SearchAction\",\"target\":{\"@type\":\"EntryPoint\",\"urlTemplate\":\"https:\\\/\\\/hammamalalba.com\\\/es\\\/?s={search_term_string}\"},\"query-input\":{\"@type\":\"PropertyValueSpecification\",\"valueRequired\":true,\"valueName\":\"search_term_string\"}}],\"inLanguage\":\"es\"},{\"@type\":\"Organization\",\"@id\":\"https:\\\/\\\/hammamalalba.com\\\/es\\\/#organization\",\"name\":\"HAMMAM AL ALBA - Assilah & Tetouan\",\"url\":\"https:\\\/\\\/hammamalalba.com\\\/es\\\/\",\"logo\":{\"@type\":\"ImageObject\",\"inLanguage\":\"es\",\"@id\":\"https:\\\/\\\/hammamalalba.com\\\/es\\\/#\\\/schema\\\/logo\\\/image\\\/\",\"url\":\"https:\\\/\\\/hammamalalba.com\\\/wp-content\\\/uploads\\\/2024\\\/05\\\/Logo-Hammam-al-alba-1.png\",\"contentUrl\":\"https:\\\/\\\/hammamalalba.com\\\/wp-content\\\/uploads\\\/2024\\\/05\\\/Logo-Hammam-al-alba-1.png\",\"width\":243,\"height\":275,\"caption\":\"HAMMAM AL ALBA - Assilah & Tetouan\"},\"image\":{\"@id\":\"https:\\\/\\\/hammamalalba.com\\\/es\\\/#\\\/schema\\\/logo\\\/image\\\/\"}}]}<\/script>\n<!-- \/ Yoast SEO plugin. -->","yoast_head_json":{"title":"OFERTAS - HAMMAM AL ALBA","robots":{"index":"noindex","follow":"nofollow"},"og_locale":"es_ES","og_type":"article","og_title":"OFERTAS - HAMMAM AL ALBA","og_description":"Restaurante Al Alba20% DESCUENTO Si reservas 1 o m\u00e1s noches en Hotel Al AlbaO cualquier experiencia en Hammam Al Alba Hammam Al Alba50% DESCUENTO Si reservas una o m\u00e1s noches enHotel Al Alba Hammam &amp; Restaurant (Asilah) Hotel Al Alba Hammam &amp; Restaurant est\u00e1 localizado a solo 40 km from Tangier. Frente a la playa [&hellip;]","og_url":"https:\/\/hammamalalba.com\/es\/ofertas\/","og_site_name":"HAMMAM AL ALBA","article_modified_time":"2025-11-14T19:01:06+00:00","og_image":[{"width":1402,"height":937,"url":"https:\/\/hammamalalba.com\/wp-content\/uploads\/2025\/11\/DSC02916.jpg","type":"image\/jpeg"}],"twitter_card":"summary_large_image","twitter_misc":{"Tiempo de lectura":"1 minuto"},"schema":{"@context":"https:\/\/schema.org","@graph":[{"@type":"WebPage","@id":"https:\/\/hammamalalba.com\/es\/ofertas\/","url":"https:\/\/hammamalalba.com\/es\/ofertas\/","name":"OFERTAS - HAMMAM AL ALBA","isPartOf":{"@id":"https:\/\/hammamalalba.com\/es\/#website"},"primaryImageOfPage":{"@id":"https:\/\/hammamalalba.com\/es\/ofertas\/#primaryimage"},"image":{"@id":"https:\/\/hammamalalba.com\/es\/ofertas\/#primaryimage"},"thumbnailUrl":"https:\/\/hammamalalba.com\/wp-content\/uploads\/2025\/11\/DSC02916-1024x684.jpg","datePublished":"2024-10-22T11:11:08+00:00","dateModified":"2025-11-14T19:01:06+00:00","breadcrumb":{"@id":"https:\/\/hammamalalba.com\/es\/ofertas\/#breadcrumb"},"inLanguage":"es","potentialAction":[{"@type":"ReadAction","target":["https:\/\/hammamalalba.com\/es\/ofertas\/"]}]},{"@type":"ImageObject","inLanguage":"es","@id":"https:\/\/hammamalalba.com\/es\/ofertas\/#primaryimage","url":"https:\/\/hammamalalba.com\/wp-content\/uploads\/2025\/11\/DSC02916-1024x684.jpg","contentUrl":"https:\/\/hammamalalba.com\/wp-content\/uploads\/2025\/11\/DSC02916-1024x684.jpg"},{"@type":"BreadcrumbList","@id":"https:\/\/hammamalalba.com\/es\/ofertas\/#breadcrumb","itemListElement":[{"@type":"ListItem","position":1,"name":"Portada","item":"https:\/\/hammamalalba.com\/es\/"},{"@type":"ListItem","position":2,"name":"OFERTAS"}]},{"@type":"WebSite","@id":"https:\/\/hammamalalba.com\/es\/#website","url":"https:\/\/hammamalalba.com\/es\/","name":"HAMMAM AL ALBA - Assilah & Tetouan","description":"Hammam Asilah &amp; Tetouan","publisher":{"@id":"https:\/\/hammamalalba.com\/es\/#organization"},"alternateName":"HAMMAM AL ALBA","potentialAction":[{"@type":"SearchAction","target":{"@type":"EntryPoint","urlTemplate":"https:\/\/hammamalalba.com\/es\/?s={search_term_string}"},"query-input":{"@type":"PropertyValueSpecification","valueRequired":true,"valueName":"search_term_string"}}],"inLanguage":"es"},{"@type":"Organization","@id":"https:\/\/hammamalalba.com\/es\/#organization","name":"HAMMAM AL ALBA - Assilah & Tetouan","url":"https:\/\/hammamalalba.com\/es\/","logo":{"@type":"ImageObject","inLanguage":"es","@id":"https:\/\/hammamalalba.com\/es\/#\/schema\/logo\/image\/","url":"https:\/\/hammamalalba.com\/wp-content\/uploads\/2024\/05\/Logo-Hammam-al-alba-1.png","contentUrl":"https:\/\/hammamalalba.com\/wp-content\/uploads\/2024\/05\/Logo-Hammam-al-alba-1.png","width":243,"height":275,"caption":"HAMMAM AL ALBA - Assilah & Tetouan"},"image":{"@id":"https:\/\/hammamalalba.com\/es\/#\/schema\/logo\/image\/"}}]}},"_links":{"self":[{"href":"https:\/\/hammamalalba.com\/es\/wp-json\/wp\/v2\/pages\/3123","targetHints":{"allow":["GET"]}}],"collection":[{"href":"https:\/\/hammamalalba.com\/es\/wp-json\/wp\/v2\/pages"}],"about":[{"href":"https:\/\/hammamalalba.com\/es\/wp-json\/wp\/v2\/types\/page"}],"author":[{"embeddable":true,"href":"https:\/\/hammamalalba.com\/es\/wp-json\/wp\/v2\/users\/1"}],"replies":[{"embeddable":true,"href":"https:\/\/hammamalalba.com\/es\/wp-json\/wp\/v2\/comments?post=3123"}],"version-history":[{"count":29,"href":"https:\/\/hammamalalba.com\/es\/wp-json\/wp\/v2\/pages\/3123\/revisions"}],"predecessor-version":[{"id":3776,"href":"https:\/\/hammamalalba.com\/es\/wp-json\/wp\/v2\/pages\/3123\/revisions\/3776"}],"wp:attachment":[{"href":"https:\/\/hammamalalba.com\/es\/wp-json\/wp\/v2\/media?parent=3123"}],"curies":[{"name":"wp","href":"https:\/\/api.w.org\/{rel}","templated":true}]}}