{"id":2086,"date":"2024-02-24T00:55:33","date_gmt":"2024-02-24T00:55:33","guid":{"rendered":"https:\/\/hammamalalba.com\/contacto\/"},"modified":"2026-04-01T11:02:23","modified_gmt":"2026-04-01T11:02:23","slug":"contacto","status":"publish","type":"page","link":"https:\/\/hammamalalba.com\/es\/contacto\/","title":{"rendered":"CONTACTO"},"content":{"rendered":"\n<div style=\"height:58px\" aria-hidden=\"true\" class=\"wp-block-spacer\"><\/div>\n\n<h1 class=\"wp-block-heading has-text-align-center\">\u00bfAlguna pregunta? Contacta con nosotros. <\/h1>\n\n<div class=\"wp-block-group alignfull has-global-padding is-layout-constrained wp-container-core-group-is-layout-cb151cc7 wp-block-group-is-layout-constrained\" style=\"margin-top:0;margin-bottom:0;padding-top:0;padding-right:var(--wp--preset--spacing--50);padding-bottom:0;padding-left:var(--wp--preset--spacing--50)\">\n<div class=\"wp-block-group alignwide has-global-padding is-layout-constrained wp-container-core-group-is-layout-19e250f3 wp-block-group-is-layout-constrained\">\n<div style=\"height:100px\" aria-hidden=\"true\" class=\"wp-block-spacer\"><\/div>\n\n\n\n<div class=\"wp-block-columns alignwide is-layout-flex wp-container-core-columns-is-layout-d1c656ed wp-block-columns-is-layout-flex\">\n<div class=\"wp-block-column is-vertically-aligned-center is-layout-flow wp-block-column-is-layout-flow\" style=\"flex-basis:40%\">\n<h3 class=\"wp-block-heading is-style-asterisk\">Hammam Al Alba Tetu\u00e1n<\/h3>\n\n\n\n<ul style=\"line-height:1.75\" class=\"wp-block-list is-style-checkmark-list\">\n<li>Phone \/ WhatsApp: <strong>212 764 523 678<\/strong><\/li>\n\n\n\n<li>Correo electr\u00f3nico: <strong>info@hammamalalba.com <\/strong> <\/li>\n\n\n\n<li>Enlace Google Maps: : <a href=\"https:\/\/maps.app.goo.gl\/KJyqzYVudqEZxSE19\" target=\"_blank\" rel=\"noreferrer noopener\">Msalla Lakdima, 43 (Frente al Teatro Nacional) Medina de Tetu\u00e1n<\/a><\/li>\n<\/ul>\n<\/div>\n\n\n\n<div class=\"wp-block-column is-layout-flow wp-block-column-is-layout-flow\" style=\"flex-basis:50%\">\n<figure class=\"wp-block-image size-large is-resized\"><a href=\"https:\/\/hammamalalba.com\/es\/plano-situacion-hammam-tetuan-2\/\"><img loading=\"lazy\" decoding=\"async\" width=\"724\" height=\"1024\" src=\"https:\/\/hammamalalba.com\/wp-content\/uploads\/2024\/03\/PLANO-SITUACION-HAMMAM-TETUAN-724x1024.jpg\" alt=\"\" class=\"wp-image-472\" style=\"width:235px;height:auto\" srcset=\"https:\/\/hammamalalba.com\/wp-content\/uploads\/2024\/03\/PLANO-SITUACION-HAMMAM-TETUAN-724x1024.jpg 724w, https:\/\/hammamalalba.com\/wp-content\/uploads\/2024\/03\/PLANO-SITUACION-HAMMAM-TETUAN-212x300.jpg 212w, https:\/\/hammamalalba.com\/wp-content\/uploads\/2024\/03\/PLANO-SITUACION-HAMMAM-TETUAN-768x1086.jpg 768w, https:\/\/hammamalalba.com\/wp-content\/uploads\/2024\/03\/PLANO-SITUACION-HAMMAM-TETUAN-1086x1536.jpg 1086w, https:\/\/hammamalalba.com\/wp-content\/uploads\/2024\/03\/PLANO-SITUACION-HAMMAM-TETUAN-1448x2048.jpg 1448w, https:\/\/hammamalalba.com\/wp-content\/uploads\/2024\/03\/PLANO-SITUACION-HAMMAM-TETUAN.jpg 1654w\" sizes=\"auto, (max-width: 724px) 100vw, 724px\" \/><\/a><\/figure>\n<\/div>\n<\/div>\n\n\n\n<div style=\"height:var(--wp--preset--spacing--40)\" aria-hidden=\"true\" class=\"wp-block-spacer\"><\/div>\n\n\n\n<div class=\"wp-block-columns alignwide is-layout-flex wp-container-core-columns-is-layout-d1c656ed wp-block-columns-is-layout-flex\">\n<div class=\"wp-block-column is-layout-flow wp-block-column-is-layout-flow\" style=\"flex-basis:50%\">\n<figure class=\"wp-block-image size-full\"><a href=\"https:\/\/hammamalalba.com\/wp-content\/uploads\/2024\/02\/hammam-medina-situacion-2.jpg\"><img loading=\"lazy\" decoding=\"async\" width=\"400\" height=\"212\" src=\"https:\/\/hammamalalba.com\/wp-content\/uploads\/2024\/02\/hammam-medina-situacion-2.jpg\" alt=\"\" class=\"wp-image-166\" srcset=\"https:\/\/hammamalalba.com\/wp-content\/uploads\/2024\/02\/hammam-medina-situacion-2.jpg 400w, https:\/\/hammamalalba.com\/wp-content\/uploads\/2024\/02\/hammam-medina-situacion-2-300x159.jpg 300w\" sizes=\"auto, (max-width: 400px) 100vw, 400px\" \/><\/a><\/figure>\n<\/div>\n\n\n\n<div class=\"wp-block-column is-vertically-aligned-center is-layout-flow wp-block-column-is-layout-flow\" style=\"flex-basis:40%\">\n<h3 class=\"wp-block-heading is-style-asterisk\">Hammam Al Alba Asilah<\/h3>\n\n\n\n<ul style=\"line-height:1.75\" class=\"wp-block-list is-style-checkmark-list\">\n<li>Phone \/ WhatsApp: <strong><strong>212 764 523 678<\/strong><\/strong><\/li>\n\n\n\n<li>Correo electr\u00f3nico <strong><strong>info@hammamalalba.com <\/strong><\/strong> <\/li>\n\n\n\n<li>Enlace Google Maps: <br\/><a href=\"https:\/\/www.google.com\/maps\/place\/\/data=!4m2!3m1!1s0xd0b95081e15a949:0x8ac52621bd8d9142?sa=X&amp;ved=2ahUKEwjjk-is-8KEAxW2gP0HHcjvBQMQ4kB6BAgOEAA\" target=\"_blank\" rel=\"noreferrer noopener\">Calle Liverweve, 14, Asilah<\/a><\/li>\n<\/ul>\n<\/div>\n<\/div>\n<\/div>\n<\/div>\n\n<div style=\"height:81px\" aria-hidden=\"true\" class=\"wp-block-spacer\"><\/div>\n","protected":false},"excerpt":{"rendered":"<p>\u00bfAlguna pregunta? Contacta con nosotros. Hammam Al Alba Tetu\u00e1n Hammam Al Alba Asilah<\/p>\n","protected":false},"author":1,"featured_media":0,"parent":0,"menu_order":0,"comment_status":"closed","ping_status":"closed","template":"page-no-title","meta":{"footnotes":""},"class_list":["post-2086","page","type-page","status-publish","hentry"],"yoast_head":"<!-- This site is optimized with the Yoast SEO plugin v27.3 - https:\/\/yoast.com\/product\/yoast-seo-wordpress\/ -->\n<title>CONTACTO - HAMMAM AL ALBA<\/title>\n<meta name=\"description\" content=\"Hammam Al Alba Tetu\u00e1nTel\u00e9fono: 00212 613 429 190. Msalla Lakdima, 43 (Frente al Teatro Nacional) Medina de Tetu\u00e1n\" \/>\n<meta name=\"robots\" content=\"index, follow, max-snippet:-1, max-image-preview:large, max-video-preview:-1\" \/>\n<link rel=\"canonical\" href=\"https:\/\/hammamalalba.com\/es\/contacto\/\" \/>\n<meta property=\"og:locale\" content=\"es_ES\" \/>\n<meta property=\"og:type\" content=\"article\" \/>\n<meta property=\"og:title\" content=\"CONTACTO - HAMMAM AL ALBA\" \/>\n<meta property=\"og:description\" content=\"Hammam Al Alba Tetu\u00e1nTel\u00e9fono: 00212 613 429 190. Msalla Lakdima, 43 (Frente al Teatro Nacional) Medina de Tetu\u00e1n\" \/>\n<meta property=\"og:url\" content=\"https:\/\/hammamalalba.com\/es\/contacto\/\" \/>\n<meta property=\"og:site_name\" content=\"HAMMAM AL ALBA\" \/>\n<meta property=\"article:modified_time\" content=\"2026-04-01T11:02:23+00:00\" \/>\n<meta property=\"og:image\" content=\"https:\/\/hammamalalba.com\/wp-content\/uploads\/2024\/03\/PLANO-SITUACION-HAMMAM-TETUAN.jpg\" \/>\n\t<meta property=\"og:image:width\" content=\"1654\" \/>\n\t<meta property=\"og:image:height\" content=\"2339\" \/>\n\t<meta property=\"og:image:type\" content=\"image\/jpeg\" \/>\n<meta name=\"twitter:card\" content=\"summary_large_image\" \/>\n<meta name=\"twitter:label1\" content=\"Tiempo de lectura\" \/>\n\t<meta name=\"twitter:data1\" content=\"1 minuto\" \/>\n<script type=\"application\/ld+json\" class=\"yoast-schema-graph\">{\"@context\":\"https:\\\/\\\/schema.org\",\"@graph\":[{\"@type\":\"WebPage\",\"@id\":\"https:\\\/\\\/hammamalalba.com\\\/es\\\/contacto\\\/\",\"url\":\"https:\\\/\\\/hammamalalba.com\\\/es\\\/contacto\\\/\",\"name\":\"CONTACTO - HAMMAM AL ALBA\",\"isPartOf\":{\"@id\":\"https:\\\/\\\/hammamalalba.com\\\/es\\\/#website\"},\"primaryImageOfPage\":{\"@id\":\"https:\\\/\\\/hammamalalba.com\\\/es\\\/contacto\\\/#primaryimage\"},\"image\":{\"@id\":\"https:\\\/\\\/hammamalalba.com\\\/es\\\/contacto\\\/#primaryimage\"},\"thumbnailUrl\":\"https:\\\/\\\/hammamalalba.com\\\/wp-content\\\/uploads\\\/2024\\\/03\\\/PLANO-SITUACION-HAMMAM-TETUAN-724x1024.jpg\",\"datePublished\":\"2024-02-24T00:55:33+00:00\",\"dateModified\":\"2026-04-01T11:02:23+00:00\",\"description\":\"Hammam Al Alba Tetu\u00e1nTel\u00e9fono: 00212 613 429 190. Msalla Lakdima, 43 (Frente al Teatro Nacional) Medina de Tetu\u00e1n\",\"breadcrumb\":{\"@id\":\"https:\\\/\\\/hammamalalba.com\\\/es\\\/contacto\\\/#breadcrumb\"},\"inLanguage\":\"es\",\"potentialAction\":[{\"@type\":\"ReadAction\",\"target\":[\"https:\\\/\\\/hammamalalba.com\\\/es\\\/contacto\\\/\"]}]},{\"@type\":\"ImageObject\",\"inLanguage\":\"es\",\"@id\":\"https:\\\/\\\/hammamalalba.com\\\/es\\\/contacto\\\/#primaryimage\",\"url\":\"https:\\\/\\\/hammamalalba.com\\\/wp-content\\\/uploads\\\/2024\\\/03\\\/PLANO-SITUACION-HAMMAM-TETUAN-724x1024.jpg\",\"contentUrl\":\"https:\\\/\\\/hammamalalba.com\\\/wp-content\\\/uploads\\\/2024\\\/03\\\/PLANO-SITUACION-HAMMAM-TETUAN-724x1024.jpg\"},{\"@type\":\"BreadcrumbList\",\"@id\":\"https:\\\/\\\/hammamalalba.com\\\/es\\\/contacto\\\/#breadcrumb\",\"itemListElement\":[{\"@type\":\"ListItem\",\"position\":1,\"name\":\"Portada\",\"item\":\"https:\\\/\\\/hammamalalba.com\\\/es\\\/\"},{\"@type\":\"ListItem\",\"position\":2,\"name\":\"CONTACTO\"}]},{\"@type\":\"WebSite\",\"@id\":\"https:\\\/\\\/hammamalalba.com\\\/es\\\/#website\",\"url\":\"https:\\\/\\\/hammamalalba.com\\\/es\\\/\",\"name\":\"HAMMAM AL ALBA - Assilah & Tetouan\",\"description\":\"Hammam Asilah &amp; Tetouan\",\"publisher\":{\"@id\":\"https:\\\/\\\/hammamalalba.com\\\/es\\\/#organization\"},\"alternateName\":\"HAMMAM AL ALBA\",\"potentialAction\":[{\"@type\":\"SearchAction\",\"target\":{\"@type\":\"EntryPoint\",\"urlTemplate\":\"https:\\\/\\\/hammamalalba.com\\\/es\\\/?s={search_term_string}\"},\"query-input\":{\"@type\":\"PropertyValueSpecification\",\"valueRequired\":true,\"valueName\":\"search_term_string\"}}],\"inLanguage\":\"es\"},{\"@type\":\"Organization\",\"@id\":\"https:\\\/\\\/hammamalalba.com\\\/es\\\/#organization\",\"name\":\"HAMMAM AL ALBA - Assilah & Tetouan\",\"url\":\"https:\\\/\\\/hammamalalba.com\\\/es\\\/\",\"logo\":{\"@type\":\"ImageObject\",\"inLanguage\":\"es\",\"@id\":\"https:\\\/\\\/hammamalalba.com\\\/es\\\/#\\\/schema\\\/logo\\\/image\\\/\",\"url\":\"https:\\\/\\\/hammamalalba.com\\\/wp-content\\\/uploads\\\/2024\\\/05\\\/Logo-Hammam-al-alba-1.png\",\"contentUrl\":\"https:\\\/\\\/hammamalalba.com\\\/wp-content\\\/uploads\\\/2024\\\/05\\\/Logo-Hammam-al-alba-1.png\",\"width\":243,\"height\":275,\"caption\":\"HAMMAM AL ALBA - Assilah & Tetouan\"},\"image\":{\"@id\":\"https:\\\/\\\/hammamalalba.com\\\/es\\\/#\\\/schema\\\/logo\\\/image\\\/\"}}]}<\/script>\n<!-- \/ Yoast SEO plugin. -->","yoast_head_json":{"title":"CONTACTO - HAMMAM AL ALBA","description":"Hammam Al Alba Tetu\u00e1nTel\u00e9fono: 00212 613 429 190. Msalla Lakdima, 43 (Frente al Teatro Nacional) Medina de Tetu\u00e1n","robots":{"index":"index","follow":"follow","max-snippet":"max-snippet:-1","max-image-preview":"max-image-preview:large","max-video-preview":"max-video-preview:-1"},"canonical":"https:\/\/hammamalalba.com\/es\/contacto\/","og_locale":"es_ES","og_type":"article","og_title":"CONTACTO - HAMMAM AL ALBA","og_description":"Hammam Al Alba Tetu\u00e1nTel\u00e9fono: 00212 613 429 190. Msalla Lakdima, 43 (Frente al Teatro Nacional) Medina de Tetu\u00e1n","og_url":"https:\/\/hammamalalba.com\/es\/contacto\/","og_site_name":"HAMMAM AL ALBA","article_modified_time":"2026-04-01T11:02:23+00:00","og_image":[{"width":1654,"height":2339,"url":"https:\/\/hammamalalba.com\/wp-content\/uploads\/2024\/03\/PLANO-SITUACION-HAMMAM-TETUAN.jpg","type":"image\/jpeg"}],"twitter_card":"summary_large_image","twitter_misc":{"Tiempo de lectura":"1 minuto"},"schema":{"@context":"https:\/\/schema.org","@graph":[{"@type":"WebPage","@id":"https:\/\/hammamalalba.com\/es\/contacto\/","url":"https:\/\/hammamalalba.com\/es\/contacto\/","name":"CONTACTO - HAMMAM AL ALBA","isPartOf":{"@id":"https:\/\/hammamalalba.com\/es\/#website"},"primaryImageOfPage":{"@id":"https:\/\/hammamalalba.com\/es\/contacto\/#primaryimage"},"image":{"@id":"https:\/\/hammamalalba.com\/es\/contacto\/#primaryimage"},"thumbnailUrl":"https:\/\/hammamalalba.com\/wp-content\/uploads\/2024\/03\/PLANO-SITUACION-HAMMAM-TETUAN-724x1024.jpg","datePublished":"2024-02-24T00:55:33+00:00","dateModified":"2026-04-01T11:02:23+00:00","description":"Hammam Al Alba Tetu\u00e1nTel\u00e9fono: 00212 613 429 190. Msalla Lakdima, 43 (Frente al Teatro Nacional) Medina de Tetu\u00e1n","breadcrumb":{"@id":"https:\/\/hammamalalba.com\/es\/contacto\/#breadcrumb"},"inLanguage":"es","potentialAction":[{"@type":"ReadAction","target":["https:\/\/hammamalalba.com\/es\/contacto\/"]}]},{"@type":"ImageObject","inLanguage":"es","@id":"https:\/\/hammamalalba.com\/es\/contacto\/#primaryimage","url":"https:\/\/hammamalalba.com\/wp-content\/uploads\/2024\/03\/PLANO-SITUACION-HAMMAM-TETUAN-724x1024.jpg","contentUrl":"https:\/\/hammamalalba.com\/wp-content\/uploads\/2024\/03\/PLANO-SITUACION-HAMMAM-TETUAN-724x1024.jpg"},{"@type":"BreadcrumbList","@id":"https:\/\/hammamalalba.com\/es\/contacto\/#breadcrumb","itemListElement":[{"@type":"ListItem","position":1,"name":"Portada","item":"https:\/\/hammamalalba.com\/es\/"},{"@type":"ListItem","position":2,"name":"CONTACTO"}]},{"@type":"WebSite","@id":"https:\/\/hammamalalba.com\/es\/#website","url":"https:\/\/hammamalalba.com\/es\/","name":"HAMMAM AL ALBA - Assilah & Tetouan","description":"Hammam Asilah &amp; Tetouan","publisher":{"@id":"https:\/\/hammamalalba.com\/es\/#organization"},"alternateName":"HAMMAM AL ALBA","potentialAction":[{"@type":"SearchAction","target":{"@type":"EntryPoint","urlTemplate":"https:\/\/hammamalalba.com\/es\/?s={search_term_string}"},"query-input":{"@type":"PropertyValueSpecification","valueRequired":true,"valueName":"search_term_string"}}],"inLanguage":"es"},{"@type":"Organization","@id":"https:\/\/hammamalalba.com\/es\/#organization","name":"HAMMAM AL ALBA - Assilah & Tetouan","url":"https:\/\/hammamalalba.com\/es\/","logo":{"@type":"ImageObject","inLanguage":"es","@id":"https:\/\/hammamalalba.com\/es\/#\/schema\/logo\/image\/","url":"https:\/\/hammamalalba.com\/wp-content\/uploads\/2024\/05\/Logo-Hammam-al-alba-1.png","contentUrl":"https:\/\/hammamalalba.com\/wp-content\/uploads\/2024\/05\/Logo-Hammam-al-alba-1.png","width":243,"height":275,"caption":"HAMMAM AL ALBA - Assilah & Tetouan"},"image":{"@id":"https:\/\/hammamalalba.com\/es\/#\/schema\/logo\/image\/"}}]}},"_links":{"self":[{"href":"https:\/\/hammamalalba.com\/es\/wp-json\/wp\/v2\/pages\/2086","targetHints":{"allow":["GET"]}}],"collection":[{"href":"https:\/\/hammamalalba.com\/es\/wp-json\/wp\/v2\/pages"}],"about":[{"href":"https:\/\/hammamalalba.com\/es\/wp-json\/wp\/v2\/types\/page"}],"author":[{"embeddable":true,"href":"https:\/\/hammamalalba.com\/es\/wp-json\/wp\/v2\/users\/1"}],"replies":[{"embeddable":true,"href":"https:\/\/hammamalalba.com\/es\/wp-json\/wp\/v2\/comments?post=2086"}],"version-history":[{"count":16,"href":"https:\/\/hammamalalba.com\/es\/wp-json\/wp\/v2\/pages\/2086\/revisions"}],"predecessor-version":[{"id":4345,"href":"https:\/\/hammamalalba.com\/es\/wp-json\/wp\/v2\/pages\/2086\/revisions\/4345"}],"wp:attachment":[{"href":"https:\/\/hammamalalba.com\/es\/wp-json\/wp\/v2\/media?parent=2086"}],"curies":[{"name":"wp","href":"https:\/\/api.w.org\/{rel}","templated":true}]}}